{"id":1808,"date":"2011-01-04T00:00:00","date_gmt":"2017-06-16T04:13:58","guid":{"rendered":"http:\/\/eduardomissoni.info\/?page_id=1808"},"modified":"2022-01-25T20:20:33","modified_gmt":"2022-01-25T20:20:33","slug":"el-profesional","status":"publish","type":"page","link":"https:\/\/eduardomissoni.info\/?page_id=1808","title":{"rendered":"El profesional"},"content":{"rendered":"<p align=\"left\"><span style=\"font-family: Times New Roman;\"><big>El m\u00e9dico<\/big><\/span><\/p>\n<p><span style=\"font-family: Times New Roman;\"><span style=\"font-family: Times New Roman;\"><a href=\"http:\/\/eduardomissoni.info\/wp-content\/uploads\/2011\/08\/mediconica.jpg\"><img loading=\"lazy\" decoding=\"async\" class=\"alignleft size-full wp-image-587\" title=\"mediconica\" src=\"http:\/\/eduardomissoni.info\/wp-content\/uploads\/2011\/08\/mediconica.jpg\" alt=\"\" width=\"174\" height=\"120\" \/><\/a><\/span><\/span>Se gradu\u00f3 en Medicina y Cirug\u00eda en la Universidad de Roma &#8220;La Sapienza&#8221;, y despu\u00e9s se especializ\u00f3 en medicina tropical, y tambi\u00e9n hizo una Maestr\u00eda en la <span style=\"font-family: Times New Roman;\"><strong><em>London School of Hygiene and Tropical Medicine<\/em>.<\/strong><\/span><\/p>\n<p align=\"left\">Ha trabajado extensamente en los pa\u00edses en v\u00edas de desarrollo, primero como voluntario (Nicaragua), dedicado a la atenci\u00f3n m\u00e9dica, a la promoci\u00f3n social de las comunidades rurales y la gesti\u00f3n de la salud p\u00fablica. Posteriormente, como funcionario de <strong>UNICEF<\/strong> (M\u00e9xico), trabajando para la salud b\u00e1sica, la infancia y la promoci\u00f3n de la mujer.<\/p>\n<p><strong>El experto de Cooperaci\u00f3n al Desarrollo<\/strong><\/p>\n<p align=\"left\">Desde 1987 hasta el 31 de agosto del 2002 se ha desempe\u00f1ado como experto, responsable de iniciativas de cooperaci\u00f3n social y sanitario en Am\u00e9rica Latina y gran parte del sur del Sahara en \u00c1frica en la <strong>Direcci\u00f3n General de Cooperaci\u00f3n al Desarrollo del Ministerio de Asuntos Exteriores<\/strong> de Italia\u00a0 En el \u00faltimo a\u00f1o prest\u00f3 especial atenci\u00f3n a las iniciativas de emergencia y de ayuda humanitaria en todo el mundo. Durante este tiempo ha mantenido las relaciones con la <strong>Organizaci\u00f3n Mundial de la Salud<\/strong> (OMS) y en muchas ocasiones particip\u00f3 en representaci\u00f3n de Italia en reuniones internacionales con car\u00e1cter t\u00e9cnico-cient\u00edfico. Los problemas que surgen durante este per\u00edodo en la Cooperaci\u00f3n italiana se explican en una <span style=\"font-family: Times New Roman;\"> <a href=\"http:\/\/www.eduardomissoni.info\/CV\/dimissioniDGCS\/solidarietaecommenti.htm\" target=\"_blank\" rel=\"noopener noreferrer\">carta detallada (IT)<\/a>.<\/span><\/p>\n<p align=\"left\">Con motivo de la Presidencia italiana del G8 (2001), presidi\u00f3 el grupo de salud hasta abril, cuando dej\u00f3 el cargo explicando las razones en <a href=\"http:\/\/www.eduardomissoni.net\/CV\/dimissioniG8\/dimissioni.pdf\">una carta al Primer Ministro (IT)<\/a><\/p>\n<div class=\"wp-caption alignright\"><a href=\"http:\/\/www.eduardomissoni.info\/CV\/dimissioniG8\/dimissionilink.htm\" target=\"_blank\" rel=\"noopener\"><img loading=\"lazy\" decoding=\"async\" class=\"alignright\" src=\"http:\/\/www.eduardomissoni.net\/Info%20G8.jpg\" alt=\"\" width=\"109\" height=\"93\" hspace=\"5\" vspace=\"10\" \/><\/a><\/p>\n<p class=\"wp-caption-text\"><a href=\"http:\/\/eduardomissoni.info\/?page_id=2683\">Haz clic aqui para mayores informaciones (en italiano)<\/a><\/p>\n<\/div>\n<p align=\"left\">\n<p align=\"left\">\n<p align=\"left\"><span style=\"font-family: Times New Roman;\"><big>El Acad\u00e9mico<\/big><\/span><\/p>\n<p>Desde 2020 es profesor en <a href=\"https:\/\/www.unimi.it\/it\/corsi\/corsi-post-laurea\/master-e-perfezionamento\/catalogo-master\/aa-2020\/2021-master-global-health\/salute-globale-secondo-livello\">Master of Global Health de la Universidad de Milano<\/a> en los cursos de \u201cSocial and economic determinants of health\u201d y \u201cDiplomacy, governance and policies\u201d<\/p>\n<p>Desde 2015 es profesor de &#8220;Social roots of health&#8221; en el primer a\u00f1o de la <a href=\"http:\/\/www-7.unipv.it\/harveymedicine\/home\/harvey-universita-degli-studi-di-pavia\/\">Licenciatura Internacional en Medicina y Cirug\u00eda en la Universidad de Pavia<\/a><\/p>\n<p><a href=\"http:\/\/eduardomissoni.info\/wp-content\/uploads\/GSD.png\"><img loading=\"lazy\" decoding=\"async\" class=\"size-medium wp-image-1227 alignright\" src=\"http:\/\/eduardomissoni.info\/wp-content\/uploads\/GSD-300x89.png\" alt=\"GSD\" width=\"300\" height=\"89\" srcset=\"https:\/\/eduardomissoni.info\/wp-content\/uploads\/GSD-300x89.png 300w, https:\/\/eduardomissoni.info\/wp-content\/uploads\/GSD.png 501w\" sizes=\"auto, (max-width: 300px) 100vw, 300px\" \/><\/a>Desde 2014 hasta 2018 ense\u00f1aba &#8220;Gesti\u00f3n de organismos y ONGs internacionales&#8221; y &#8220;Salud Global y Relaciones Internacionales&#8221; en la Escuela Diplom\u00e1tica de Ginebra, con la cual ha retomado la colaboraci\u00f3n en 2020.<\/p>\n<p><img loading=\"lazy\" decoding=\"async\" class=\"alignleft\" style=\"margin-left: 5px; margin-right: 5px;\" src=\"http:\/\/www.eduardomissoni.net\/bocconi.gif\" alt=\"\" width=\"44\" height=\"200\" hspace=\"5\" \/><\/p>\n<p>Desde el 1 de septiembre del 2002 es profesor e investigador en la Universidad &#8220;Luigi Bocconi&#8221; y Centro de Investigaci\u00f3n en gerencia en salud y asistencia social &#8211; CERGAS) y SDA Bocconi de Mil\u00e1n. En Cergas era responsable del grupo de investigaci\u00f3n sobre Salud global y desarrollo. Las actividades de investigaci\u00f3n y ense\u00f1anza tambi\u00e9n incluyen la gerencia de las instituciones y organizaciones no gubernamentales\u00a0 internacionales, as\u00ed como las cuestiones relacionadas con la cooperaci\u00f3n al desarrollo. En relaci\u00f3n a estos temas promueve el trabajo en <a href=\"http:\/\/www.eduardomissoni.info\/CV\/Bocconi\/Gruppo%20ricerca.htm\">grupo con los estudiantes<\/a>.<\/p>\n<p>Desde el 2001 ense\u00f1a &#8220;Pol\u00edticas globales de salud&#8221; en la Universidad Bicocca (Mil\u00e1n), y en los a\u00f1os 2009 y 2010 fue profesor visitante de &#8220;\u00c9tica y organizaciones internacionales&#8221; en <a href=\"http:\/\/hec-executive.ch\/iomba\/\/www\/\">IOMBA<\/a> Universidad de Ginebra (Ginebra).<\/p>\n<p>Ha sido orador en numerosas <a href=\"http:\/\/eduardomissoni.info\/?page_id=1830&amp;lang=es\">conferencias y lleva a cabo actividades de ense\u00f1anza en muchos otros contextos acad\u00e9micos y educativos<\/a>. Adem\u00e1s de los problemas de desarrollo, la cooperaci\u00f3n internacional y la salud, ha dedicado especial atenci\u00f3n a la descentralizaci\u00f3n y al desarrollo local, educaci\u00f3n no formal y pol\u00edticas juveniles.<\/p>\n<p><span style=\"border-radius: 2px; text-indent: 20px; width: auto; padding: 0px 4px 0px 0px; text-align: center; font: bold 11px\/20px 'Helvetica Neue',Helvetica,sans-serif; color: #ffffff; background: #bd081c no-repeat scroll 3px 50% \/ 14px 14px; position: absolute; opacity: 1; z-index: 8675309; display: none; cursor: pointer;\">Save<\/span><\/p>\n<p><span style=\"border-radius: 2px; text-indent: 20px; width: auto; padding: 0px 4px 0px 0px; text-align: center; font: bold 11px\/20px 'Helvetica Neue',Helvetica,sans-serif; color: #ffffff; background: #bd081c no-repeat scroll 3px 50% \/ 14px 14px; position: absolute; opacity: 1; z-index: 8675309; display: none; cursor: pointer;\">Save<\/span><\/p>\n<p><span style=\"border-radius: 2px; text-indent: 20px; width: auto; padding: 0px 4px 0px 0px; text-align: center; font: bold 11px\/20px 'Helvetica Neue',Helvetica,sans-serif; color: #ffffff; background: #bd081c no-repeat scroll 3px 50% \/ 14px 14px; position: absolute; opacity: 1; z-index: 8675309; display: none; cursor: pointer;\">Save<\/span><\/p>\n<p><span style=\"border-radius: 2px; text-indent: 20px; width: auto; padding: 0px 4px 0px 0px; text-align: center; font: bold 11px\/20px 'Helvetica Neue',Helvetica,sans-serif; color: #ffffff; background: #bd081c  no-repeat scroll 3px 50% \/ 14px 14px; position: absolute; opacity: 1; z-index: 8675309; display: none; cursor: pointer;\">Save<\/span><\/p>\n","protected":false},"excerpt":{"rendered":"<p>El m\u00e9dico Se gradu\u00f3 en Medicina y Cirug\u00eda en la Universidad de Roma &#8220;La Sapienza&#8221;, y despu\u00e9s se especializ\u00f3 en medicina tropical, y tambi\u00e9n hizo una Maestr\u00eda en la London School of Hygiene and Tropical Medicine. Ha trabajado extensamente en &hellip; <a href=\"https:\/\/eduardomissoni.info\/?page_id=1808\">Continua a leggere<span class=\"meta-nav\">&rarr;<\/span><\/a><\/p>\n","protected":false},"author":1,"featured_media":0,"parent":1806,"menu_order":0,"comment_status":"closed","ping_status":"closed","template":"","meta":{"footnotes":""},"class_list":["post-1808","page","type-page","status-publish","hentry"],"_links":{"self":[{"href":"https:\/\/eduardomissoni.info\/index.php?rest_route=\/wp\/v2\/pages\/1808","targetHints":{"allow":["GET"]}}],"collection":[{"href":"https:\/\/eduardomissoni.info\/index.php?rest_route=\/wp\/v2\/pages"}],"about":[{"href":"https:\/\/eduardomissoni.info\/index.php?rest_route=\/wp\/v2\/types\/page"}],"author":[{"embeddable":true,"href":"https:\/\/eduardomissoni.info\/index.php?rest_route=\/wp\/v2\/users\/1"}],"replies":[{"embeddable":true,"href":"https:\/\/eduardomissoni.info\/index.php?rest_route=%2Fwp%2Fv2%2Fcomments&post=1808"}],"version-history":[{"count":11,"href":"https:\/\/eduardomissoni.info\/index.php?rest_route=\/wp\/v2\/pages\/1808\/revisions"}],"predecessor-version":[{"id":2690,"href":"https:\/\/eduardomissoni.info\/index.php?rest_route=\/wp\/v2\/pages\/1808\/revisions\/2690"}],"up":[{"embeddable":true,"href":"https:\/\/eduardomissoni.info\/index.php?rest_route=\/wp\/v2\/pages\/1806"}],"wp:attachment":[{"href":"https:\/\/eduardomissoni.info\/index.php?rest_route=%2Fwp%2Fv2%2Fmedia&parent=1808"}],"curies":[{"name":"wp","href":"https:\/\/api.w.org\/{rel}","templated":true}]}}