{"id":1810,"date":"2011-01-04T00:00:00","date_gmt":"2017-06-16T04:15:52","guid":{"rendered":"http:\/\/eduardomissoni.info\/?page_id=1810"},"modified":"2019-07-21T02:27:12","modified_gmt":"2019-07-21T02:27:12","slug":"scout","status":"publish","type":"page","link":"https:\/\/eduardomissoni.info\/?page_id=1810","title":{"rendered":"Scout"},"content":{"rendered":"<p>Pertenece al Movimiento Scout desde 1964, se convirti\u00f3 en un Scout el 7 de julio de 1965, cuando asumi\u00f3 el compromiso para toda la vida con la <strong>Promesa Scout<\/strong>. De 1973 a 1979 fue jefe educador en el A.G.E.S.C.I . (Asociaci\u00f3n de Gu\u00edas y Scouts Cat\u00f3licos italianos).<\/p>\n<p><big>El Secretario General de la OMMS<\/big><\/p>\n<div id=\"attachment_583\" style=\"width: 307px\" class=\"wp-caption alignnone\"><a href=\"http:\/\/eduardomissoni.info\/wp-content\/uploads\/2011\/08\/031025_SGfirst.jpg\"><img loading=\"lazy\" decoding=\"async\" aria-describedby=\"caption-attachment-583\" class=\"  wp-image-583\" title=\"031025_SGfirst\" src=\"http:\/\/eduardomissoni.info\/wp-content\/uploads\/2011\/08\/031025_SGfirst.jpg\" alt=\"\" width=\"297\" height=\"228\" srcset=\"https:\/\/eduardomissoni.info\/wp-content\/uploads\/2011\/08\/031025_SGfirst.jpg 1767w, https:\/\/eduardomissoni.info\/wp-content\/uploads\/2011\/08\/031025_SGfirst-300x230.jpg 300w, https:\/\/eduardomissoni.info\/wp-content\/uploads\/2011\/08\/031025_SGfirst-1024x785.jpg 1024w\" sizes=\"auto, (max-width: 297px) 100vw, 297px\" \/><\/a><p id=\"caption-attachment-583\" class=\"wp-caption-text\">Con la Presidenta del Comit\u00e9 Scout Mundial, Louise Correa, el d\u00eda de su nombramiento<\/p><\/div>\n<p>A partir del 1 de abril del 2004 hasta el 30 de noviembre del 2007 fue Secretario General de la Organizaci\u00f3n Mundial del Movimiento Scout &#8211; OMMS , (con sede en Ginebra) (Leer el anuncio oficial del nombramiento y <a href=\"http:\/\/www.eduardomissoni.info\/CV\/worldscout\/Stampa%20e%20commenti\/Stampacommenti.htm\">notas de prensa<\/a><\/p>\n<p>En tres a\u00f1os y medio de intensa actividad, con el pleno apoyo del Comit\u00e9 Mundial, contribuye a relanzar el Movimiento Scout partiendo de sus principios y valores fundamentales, para reposicionarlo en el contexto internacional como expresi\u00f3n de una cultura de paz y fuerza social capaz de dar una contribuci\u00f3n constructiva a la sociedad.<\/p>\n<ul>\n<li><big><a href=\"http:\/\/www.eduardomissoni.info\/CV\/worldscout\/Stampa%20e%20commenti\/Stampacommenti.htm\" target=\"_blank\" rel=\"noopener noreferrer\">Rese\u00f1a de prensa &#8211; 2004-2007<\/a><\/big><\/li>\n<li><a href=\"http:\/\/eduardomissoni.info\/?page_id=1843&amp;lang=es\" target=\"_blank\" rel=\"noopener noreferrer\"><big>Misiones del Secretario General<\/big><\/a><\/li>\n<li><a title=\"on Youth, Scouting and Non-Formal Education\" href=\"http:\/\/eduardomissoni.info\/?page_id=1824&amp;lang=es\" target=\"_blank\" rel=\"noopener noreferrer\"><big>Selecci\u00f3n de mensajes, discursos y otros escritos scout<\/big><\/a><\/li>\n<\/ul>\n<div id=\"attachment_770\" style=\"width: 624px\" class=\"wp-caption aligncenter\"><a href=\"http:\/\/eduardomissoni.info\/wp-content\/uploads\/070729-WSJ_small1.jpg\"><img loading=\"lazy\" decoding=\"async\" aria-describedby=\"caption-attachment-770\" class=\" wp-image-770 \" title=\"070729-WSJ_small\" src=\"http:\/\/eduardomissoni.info\/wp-content\/uploads\/070729-WSJ_small1.jpg\" alt=\"\" width=\"614\" height=\"409\" srcset=\"https:\/\/eduardomissoni.info\/wp-content\/uploads\/070729-WSJ_small1.jpg 1279w, https:\/\/eduardomissoni.info\/wp-content\/uploads\/070729-WSJ_small1-300x199.jpg 300w, https:\/\/eduardomissoni.info\/wp-content\/uploads\/070729-WSJ_small1-1024x681.jpg 1024w\" sizes=\"auto, (max-width: 614px) 100vw, 614px\" \/><\/a><p id=\"caption-attachment-770\" class=\"wp-caption-text\">Discutiendo con scouts en el Jamboree Scout Mundial de 2007<\/p><\/div>\n<p><span style=\"border-radius: 2px; text-indent: 20px; width: auto; padding: 0px 4px 0px 0px; text-align: center; font: bold 11px\/20px 'Helvetica Neue',Helvetica,sans-serif; color: #ffffff; background: #bd081c no-repeat scroll 3px 50% \/ 14px 14px; position: absolute; opacity: 1; z-index: 8675309; display: none; cursor: pointer;\">Save<\/span><\/p>\n<p><span style=\"border-radius: 2px; text-indent: 20px; width: auto; padding: 0px 4px 0px 0px; text-align: center; font: bold 11px\/20px 'Helvetica Neue',Helvetica,sans-serif; color: #ffffff; background: #bd081c  no-repeat scroll 3px 50% \/ 14px 14px; position: absolute; opacity: 1; z-index: 8675309; display: none; cursor: pointer; top: 188px; left: 20px;\">Save<\/span><\/p>\n","protected":false},"excerpt":{"rendered":"<p>Pertenece al Movimiento Scout desde 1964, se convirti\u00f3 en un Scout el 7 de julio de 1965, cuando asumi\u00f3 el compromiso para toda la vida con la Promesa Scout. De 1973 a 1979 fue jefe educador en el A.G.E.S.C.I . &hellip; <a href=\"https:\/\/eduardomissoni.info\/?page_id=1810\">Continua a leggere<span class=\"meta-nav\">&rarr;<\/span><\/a><\/p>\n","protected":false},"author":1,"featured_media":2083,"parent":1806,"menu_order":2,"comment_status":"closed","ping_status":"closed","template":"","meta":{"footnotes":""},"class_list":["post-1810","page","type-page","status-publish","has-post-thumbnail","hentry"],"_links":{"self":[{"href":"https:\/\/eduardomissoni.info\/index.php?rest_route=\/wp\/v2\/pages\/1810","targetHints":{"allow":["GET"]}}],"collection":[{"href":"https:\/\/eduardomissoni.info\/index.php?rest_route=\/wp\/v2\/pages"}],"about":[{"href":"https:\/\/eduardomissoni.info\/index.php?rest_route=\/wp\/v2\/types\/page"}],"author":[{"embeddable":true,"href":"https:\/\/eduardomissoni.info\/index.php?rest_route=\/wp\/v2\/users\/1"}],"replies":[{"embeddable":true,"href":"https:\/\/eduardomissoni.info\/index.php?rest_route=%2Fwp%2Fv2%2Fcomments&post=1810"}],"version-history":[{"count":8,"href":"https:\/\/eduardomissoni.info\/index.php?rest_route=\/wp\/v2\/pages\/1810\/revisions"}],"predecessor-version":[{"id":2096,"href":"https:\/\/eduardomissoni.info\/index.php?rest_route=\/wp\/v2\/pages\/1810\/revisions\/2096"}],"up":[{"embeddable":true,"href":"https:\/\/eduardomissoni.info\/index.php?rest_route=\/wp\/v2\/pages\/1806"}],"wp:featuredmedia":[{"embeddable":true,"href":"https:\/\/eduardomissoni.info\/index.php?rest_route=\/wp\/v2\/media\/2083"}],"wp:attachment":[{"href":"https:\/\/eduardomissoni.info\/index.php?rest_route=%2Fwp%2Fv2%2Fmedia&parent=1810"}],"curies":[{"name":"wp","href":"https:\/\/api.w.org\/{rel}","templated":true}]}}