{"id":1812,"date":"2011-01-04T00:00:00","date_gmt":"2017-06-16T04:16:34","guid":{"rendered":"http:\/\/eduardomissoni.info\/?page_id=1812"},"modified":"2019-07-20T16:44:04","modified_gmt":"2019-07-20T16:44:04","slug":"el-compromiso-civico-y-social","status":"publish","type":"page","link":"https:\/\/eduardomissoni.info\/?page_id=1812","title":{"rendered":"El compromiso civico y social"},"content":{"rendered":"\n<ul class=\"wp-block-list\"><li>Es un promotor activo de iniciativas concretas de participaci\u00f3n social y ciudadana.<\/li><li>Es uno de los fundadores (Presidente hasta 2004) del <strong>Observatorio Italiano de la Salud Global<\/strong>.<\/li><li>Fue uno de los fundadores y Presidente de la <strong>Asociaci\u00f3n de Operadores de Cooperaci\u00f3n al Desarrollo<\/strong> (AdOCS).<\/li><li> Ha estado involucrado durante muchos a\u00f1os como educador en el <strong>Movimiento Scout Cat\u00f3lico<\/strong> (AGESCI).<\/li><li> Dise\u00f1\u00f3 y promovi\u00f3 la creaci\u00f3n del <strong>Observatorio Municipal de la Infancia<\/strong> para apoyar las pol\u00edticas en favor de la infancia de la ciudad de Roma.<\/li><li> Fund\u00f3 en Roma la <strong>Asociaci\u00f3n y la comunidad familiar &#8220;Il Tetto&#8221;<\/strong>, que desde hace a\u00f1os trabaja en el campo del acogimiento familiar y de la integraci\u00f3n social y econ\u00f3mica de los j\u00f3venes en dificultad.<\/li><li> Fue uno de los fundadores y actual Presidente de Honor del <strong>Comit\u00e9 Ciudadano para la XX Circunscripci\u00f3n de la Ciudad de Roma &#8211; Ayuntamiento de Roma XX<\/strong><\/li><li> De 2005 a 2011 fue miembro de la Junta Directiva de la <strong>Fundaci\u00f3n Jacobs<\/strong>, cuya misi\u00f3n es promover la educaci\u00f3n.<\/li><li> En 2008 particip\u00f3 en la fundaci\u00f3n de <strong>Indaba-network<\/strong>, cuya misi\u00f3n era apoyar y conectar grupos de j\u00f3venes comprometidos en proyectos de ciudadan\u00eda g-local activa y responsable.<\/li><li> En 2015 fue elegido miembro del <strong>Comit\u00e9 de los Italianos en el Extranjero<\/strong> (COMITES) en Ginebra (Suiza) (permaneci\u00f3 en el cargo hasta 2018)<\/li><\/ul>\n","protected":false},"excerpt":{"rendered":"<p>Es un promotor activo de iniciativas concretas de participaci\u00f3n social y ciudadana. Es uno de los fundadores (Presidente hasta 2004) del Observatorio Italiano de la Salud Global. Fue uno de los fundadores y Presidente de la Asociaci\u00f3n de Operadores de &hellip; <a href=\"https:\/\/eduardomissoni.info\/?page_id=1812\">Continua a leggere<span class=\"meta-nav\">&rarr;<\/span><\/a><\/p>\n","protected":false},"author":1,"featured_media":0,"parent":1806,"menu_order":3,"comment_status":"closed","ping_status":"closed","template":"","meta":{"footnotes":""},"class_list":["post-1812","page","type-page","status-publish","hentry"],"_links":{"self":[{"href":"https:\/\/eduardomissoni.info\/index.php?rest_route=\/wp\/v2\/pages\/1812","targetHints":{"allow":["GET"]}}],"collection":[{"href":"https:\/\/eduardomissoni.info\/index.php?rest_route=\/wp\/v2\/pages"}],"about":[{"href":"https:\/\/eduardomissoni.info\/index.php?rest_route=\/wp\/v2\/types\/page"}],"author":[{"embeddable":true,"href":"https:\/\/eduardomissoni.info\/index.php?rest_route=\/wp\/v2\/users\/1"}],"replies":[{"embeddable":true,"href":"https:\/\/eduardomissoni.info\/index.php?rest_route=%2Fwp%2Fv2%2Fcomments&post=1812"}],"version-history":[{"count":4,"href":"https:\/\/eduardomissoni.info\/index.php?rest_route=\/wp\/v2\/pages\/1812\/revisions"}],"predecessor-version":[{"id":2028,"href":"https:\/\/eduardomissoni.info\/index.php?rest_route=\/wp\/v2\/pages\/1812\/revisions\/2028"}],"up":[{"embeddable":true,"href":"https:\/\/eduardomissoni.info\/index.php?rest_route=\/wp\/v2\/pages\/1806"}],"wp:attachment":[{"href":"https:\/\/eduardomissoni.info\/index.php?rest_route=%2Fwp%2Fv2%2Fmedia&parent=1812"}],"curies":[{"name":"wp","href":"https:\/\/api.w.org\/{rel}","templated":true}]}}