{"id":1816,"date":"2011-04-23T16:53:55","date_gmt":"2011-04-23T16:53:55","guid":{"rendered":"http:\/\/eduardomissoni.info\/?page_id=1816"},"modified":"2019-07-20T17:54:12","modified_gmt":"2019-07-20T17:54:12","slug":"articles-writings__trashed","status":"publish","type":"page","link":"https:\/\/eduardomissoni.info\/?page_id=1816","title":{"rendered":"Escritos y publicaciones"},"content":{"rendered":"<p><span style=\"color: #000000;\">Las referencias se indican en el idioma original y estan\u00a0 organizadas en cinco categor\u00edas:<\/span><\/p>\n<h2><a title=\"Bio-medical issues\" href=\"http:\/\/eduardomissoni.info\/?page_id=1818&amp;lang=es\"><span style=\"color: #000000;\">1 &#8211; Bio-medicas<\/span><\/a><\/h2>\n<ul>\n<li><span style=\"color: #000000;\">Art\u00edculos y cap\u00edtulos en libros<br \/>\n<\/span><\/li>\n<li><span style=\"color: #000000;\">Libros y monograf\u00edas<\/span><\/li>\n<\/ul>\n<h2><a title=\"Global Health and related issues\" href=\"http:\/\/eduardomissoni.info\/?page_id=1820&amp;lang=es\"><span style=\"color: #000000;\">2 &#8211; Salud Global<\/span><\/a><\/h2>\n<ul>\n<li><span style=\"color: #000000;\">Art\u00edculos y cap\u00edtulos en libros<\/span><\/li>\n<li><span style=\"color: #000000;\">Entrevstas<\/span><\/li>\n<li><span style=\"color: #000000;\">&#8220;Posters&#8221;<\/span><\/li>\n<li><span style=\"color: #000000;\">Libros y monograf\u00edas<\/span><\/li>\n<\/ul>\n<h2><a title=\"on Development and International Cooperation\" href=\"http:\/\/eduardomissoni.info\/?page_id=1822&amp;lang=es\"><span style=\"color: #000000;\">3 &#8211; Desarrollo y cooperaci\u00f3n internacional<\/span><\/a><\/h2>\n<ul>\n<li>Art\u00edculos y cap\u00edtulos en libros<\/li>\n<li>Entrevistas<\/li>\n<li>Libros y monograf\u00edas<\/li>\n<\/ul>\n<h2><a title=\"on Youth, Scouting and Non-Formal Education\" href=\"http:\/\/eduardomissoni.info\/?page_id=1824&amp;lang=es\"><span style=\"color: #000000;\">4 &#8211; Juventud, escultismo y educaci\u00f3n non-formal<\/span><\/a><\/h2>\n<ul>\n<li>Art\u00edculos y cap\u00edtulos en libros<\/li>\n<li>Entrevistas<\/li>\n<li>Libros y monograf\u00edas<\/li>\n<li><span style=\"color: #000000;\">Mensajes y otros escritos scout<br \/>\n<\/span><\/li>\n<\/ul>\n<h2><a title=\"Autobiographic and other essays\" href=\"http:\/\/eduardomissoni.info\/?page_id=1827&amp;lang=es\"><span style=\"color: #000000;\">5 &#8211; Escritos autobiogr\u00e1ficos y otros ensayos<\/span><\/a><\/h2>\n<ul>\n<li><span style=\"color: #000000;\">Libros<\/span><\/li>\n<li><span style=\"color: #000000;\">Art\u00edculos<\/span><\/li>\n<li><span style=\"color: #000000;\">Traducciones<br \/>\n<\/span><\/li>\n<li><span style=\"color: #000000;\">Otras activdades editoriales<\/span><\/li>\n<\/ul>\n","protected":false},"excerpt":{"rendered":"<p>Las referencias se indican en el idioma original y estan\u00a0 organizadas en cinco categor\u00edas: 1 &#8211; Bio-medicas Art\u00edculos y cap\u00edtulos en libros Libros y monograf\u00edas 2 &#8211; Salud Global Art\u00edculos y cap\u00edtulos en libros Entrevstas &#8220;Posters&#8221; Libros y monograf\u00edas 3 &hellip; <a href=\"https:\/\/eduardomissoni.info\/?page_id=1816\">Continua a leggere<span class=\"meta-nav\">&rarr;<\/span><\/a><\/p>\n","protected":false},"author":1,"featured_media":0,"parent":0,"menu_order":20,"comment_status":"closed","ping_status":"closed","template":"","meta":{"footnotes":""},"class_list":["post-1816","page","type-page","status-publish","hentry"],"_links":{"self":[{"href":"https:\/\/eduardomissoni.info\/index.php?rest_route=\/wp\/v2\/pages\/1816","targetHints":{"allow":["GET"]}}],"collection":[{"href":"https:\/\/eduardomissoni.info\/index.php?rest_route=\/wp\/v2\/pages"}],"about":[{"href":"https:\/\/eduardomissoni.info\/index.php?rest_route=\/wp\/v2\/types\/page"}],"author":[{"embeddable":true,"href":"https:\/\/eduardomissoni.info\/index.php?rest_route=\/wp\/v2\/users\/1"}],"replies":[{"embeddable":true,"href":"https:\/\/eduardomissoni.info\/index.php?rest_route=%2Fwp%2Fv2%2Fcomments&post=1816"}],"version-history":[{"count":4,"href":"https:\/\/eduardomissoni.info\/index.php?rest_route=\/wp\/v2\/pages\/1816\/revisions"}],"predecessor-version":[{"id":2043,"href":"https:\/\/eduardomissoni.info\/index.php?rest_route=\/wp\/v2\/pages\/1816\/revisions\/2043"}],"wp:attachment":[{"href":"https:\/\/eduardomissoni.info\/index.php?rest_route=%2Fwp%2Fv2%2Fmedia&parent=1816"}],"curies":[{"name":"wp","href":"https:\/\/api.w.org\/{rel}","templated":true}]}}