{"id":1818,"date":"2011-07-29T19:11:33","date_gmt":"2017-06-16T04:18:13","guid":{"rendered":"http:\/\/eduardomissoni.info\/?page_id=1818"},"modified":"2022-11-01T00:41:50","modified_gmt":"2022-11-01T00:41:50","slug":"temas-bio-medicos","status":"publish","type":"page","link":"https:\/\/eduardomissoni.info\/?page_id=1818","title":{"rendered":"Temas bio-m\u00e9dicos"},"content":{"rendered":"\n<h2 class=\"wp-block-heading\">Art\u00edculos<\/h2>\n\n\n\n<p><a href=\"http:\/\/www.eduardomissoni.net\/CV\/mieiscrittipdf\/83%20-%20Istocitopatologia.pdf\">Missoni, E. Leishmaniosi Cutanea del Nuovo Mondo. <em>Istocitopatologia<\/em>, (1983) 5:183-188.<\/a><\/p>\n\n\n\n<p><a href=\"http:\/\/www.eduardomissoni.net\/CV\/mieiscrittipdf\/84%20-%20J_Trop_Med_Hyg.pdf\">Missoni,\n E.; Morelli, R. Survey of 259 cases of American Cutaneous Leishmaniasis\n in Nicaragua. Journal of Tropical Medicine and Hygiene, (1984) \n87:159-165.<\/a><\/p>\n\n\n\n<p><a href=\"http:\/\/www.eduardomissoni.net\/CV\/mieiscrittipdf\/84%20-%20Tropical_Doctor_Jan.pdf\">Missoni, E. Heat treatment of cutaneous leishmaniasis. Tropical Doctor, (1984) 1:46.<\/a><\/p>\n\n\n\n<p><a href=\"http:\/\/www.eduardomissoni.net\/CV\/mieiscrittipdf\/84%20-%20Tropical_Doctor_Apr.pdf\">Missoni, E. Local treatment of cutaneous leishmaniasis with metronidazol.Tropical Doctor, (1984) 2:71.<\/a><\/p>\n\n\n\n<p><a href=\"http:\/\/www.eduardomissoni.net\/CV\/mieiscrittipdf\/84%20-%20Reggio_Emilia.pdf\">Galli,\n M.; Mariscotti, C.; Missoni, E. et. al. Studio Immunoistochimico ed \nimmunologico in Leishmaniosi cutanee del nuovo mondo. Atti Convegno \nNazionale su: malattie Infettive Riemergenti, Reggio Emilia \n19-20.10.1984, pp.237-244<\/a><\/p>\n\n\n\n<p><a href=\"http:\/\/www.eduardomissoni.net\/CV\/mieiscrittipdf\/85%20-%20Pathologica.pdf\">Barbareschi,\n M.; Mariscotti,C.; Missoni, E., et al. Russell Bodies in New World \nCutaneous Leishmaniasis. Pathologica,(1985) 77:87-90<\/a>.<\/p>\n\n\n\n<p><a href=\"http:\/\/www.eduardomissoni.net\/CV\/mieiscrittipdf\/86%20-%20Trans_R_Soc_Trop_Hyg.pdf\">Missoni, E., et al. Isolation and characterization of leishmaniasis in Nicaragua. <em>Transactions of the Royal Society of Tropical Medicine and Hygiene<\/em>, (1986) 80:999-1000.<\/a><\/p>\n\n\n\n<p><a href=\"http:\/\/www.eduardomissoni.net\/CV\/mieiscrittipdf\/87%20-%20Rev_Inst_Med_Trop.pdf\">Mariscotti,\n C.; Barbareschi,M.; Missoni, E., et al. Histological and \nimmunohistochemical aspects of cutaneous leishmaniasis in Nicaragua. <em>Rev.Inst.Med.trop. Sao paulo<\/em>, (1987) 29(4):213-218<\/a><\/p>\n\n\n\n<p><a href=\"http:\/\/www.eduardomissoni.net\/CV\/mieiscrittipdf\/90%20-%20Tropical_Doctor.pdf\">Ipsevich, F.; Missoni, E. A case of P.falciparum malaria from Mali: failure of chloroquine chemoprofilaxis. <em>Tropical Doctor<\/em>, October 1990, 20(4), p.170<\/a><\/p>\n\n\n\n<p>Missoni, E., Masala, G., Calor y Leishmaniasis. Una revisi\u00f3n de las implicancias cl\u00ednicas y biol\u00f3gicas, <em>Revista Peruana de Epidemiolog\u00eda<\/em>, vol.6, n.1, julio 1993, pp.27-32<\/p>\n\n\n\n<h2 class=\"wp-block-heading\">Libros y monograf\u00edas<\/h2>\n\n\n\n<p>Missoni, E. <em>La Diarrea y su tratamiento. Manual para el trabajador de Atenci\u00f3n Primaria en Salud de la Comunidad<\/em>.(ciclostilato) UNICEF, M\u00e9xico, 1987.<\/p>\n\n\n\n<p><a href=\"http:\/\/eduardomissoni.info\/wp-content\/uploads\/La-Leishmaniasis-tegumentaria.pdf\">Missoni, E. <em>La leishmaniasis tegumentaria; Manual de atenci\u00f3n Primaria para los trabajadores de salud del primer nivel<\/em>. , Matagalpa, Nicaragua, 1986<\/a>. IIa edizione: San Jos\u00e9, Costa Rica, 1987<\/p>\n","protected":false},"excerpt":{"rendered":"<p>Art\u00edculos Missoni, E. Leishmaniosi Cutanea del Nuovo Mondo. Istocitopatologia, (1983) 5:183-188. Missoni, E.; Morelli, R. Survey of 259 cases of American Cutaneous Leishmaniasis in Nicaragua. Journal of Tropical Medicine and Hygiene, (1984) 87:159-165. Missoni, E. Heat treatment of cutaneous leishmaniasis. &hellip; <a href=\"https:\/\/eduardomissoni.info\/?page_id=1818\">Continua a leggere<span class=\"meta-nav\">&rarr;<\/span><\/a><\/p>\n","protected":false},"author":1,"featured_media":0,"parent":1816,"menu_order":0,"comment_status":"closed","ping_status":"closed","template":"","meta":{"footnotes":""},"class_list":["post-1818","page","type-page","status-publish","hentry"],"_links":{"self":[{"href":"https:\/\/eduardomissoni.info\/index.php?rest_route=\/wp\/v2\/pages\/1818","targetHints":{"allow":["GET"]}}],"collection":[{"href":"https:\/\/eduardomissoni.info\/index.php?rest_route=\/wp\/v2\/pages"}],"about":[{"href":"https:\/\/eduardomissoni.info\/index.php?rest_route=\/wp\/v2\/types\/page"}],"author":[{"embeddable":true,"href":"https:\/\/eduardomissoni.info\/index.php?rest_route=\/wp\/v2\/users\/1"}],"replies":[{"embeddable":true,"href":"https:\/\/eduardomissoni.info\/index.php?rest_route=%2Fwp%2Fv2%2Fcomments&post=1818"}],"version-history":[{"count":3,"href":"https:\/\/eduardomissoni.info\/index.php?rest_route=\/wp\/v2\/pages\/1818\/revisions"}],"predecessor-version":[{"id":2811,"href":"https:\/\/eduardomissoni.info\/index.php?rest_route=\/wp\/v2\/pages\/1818\/revisions\/2811"}],"up":[{"embeddable":true,"href":"https:\/\/eduardomissoni.info\/index.php?rest_route=\/wp\/v2\/pages\/1816"}],"wp:attachment":[{"href":"https:\/\/eduardomissoni.info\/index.php?rest_route=%2Fwp%2Fv2%2Fmedia&parent=1818"}],"curies":[{"name":"wp","href":"https:\/\/api.w.org\/{rel}","templated":true}]}}