{"id":1830,"date":"2011-04-23T16:54:23","date_gmt":"2017-06-16T04:22:33","guid":{"rendered":"http:\/\/eduardomissoni.info\/?page_id=1830"},"modified":"2017-08-02T23:58:19","modified_gmt":"2017-08-02T23:58:19","slug":"lecciones-y-conferencias","status":"publish","type":"page","link":"https:\/\/eduardomissoni.info\/?page_id=1830","title":{"rendered":"Clases y conferencias"},"content":{"rendered":"<p lang=\"it-IT\"><span style=\"color: #000000;\">La actividad est\u00e1 dividida en seis secciones. los t\u00edtulos de los eventos est\u00e1n en el idioma original.<\/span><\/p>\n<h2><a title=\"Global Health\" href=\"http:\/\/eduardomissoni.info\/?page_id=1427&amp;lang=en\"><span style=\"color: #000000;\"> 1 &#8211; Salud Global<\/span><\/a><\/h2>\n<ul>\n<li><span style=\"color: #000000;\">Ense\u00f1anza<\/span><\/li>\n<li><span style=\"color: #000000;\">Eventos Internacionales<\/span><\/li>\n<li>Eventos nacionales<\/li>\n<\/ul>\n<h2><a title=\"Development and International Cooperation\" href=\"http:\/\/eduardomissoni.info\/?page_id=235&amp;lang=en\"><span style=\"color: #000000;\"><span style=\"color: #000000;\">2 &#8211; Desarrollo y Cooperaci\u00f3n Internacional<\/span><\/span><\/a><\/h2>\n<ul>\n<li><span style=\"color: #000000;\">Ense\u00f1anza<\/span><\/li>\n<li><span style=\"color: #000000;\">Eventos Internacionales<\/span><\/li>\n<li>Eventos nacionales<\/li>\n<\/ul>\n<h2><a title=\"Bio-medical\" href=\"http:\/\/eduardomissoni.info\/?page_id=237&amp;lang=en\"><span style=\"color: #000000;\"><span style=\"color: #000000;\">3 &#8211; Con car\u00e1cter bio-medico<\/span><\/span><\/a><\/h2>\n<ul>\n<li><span style=\"color: #000000;\">Ense\u00f1anza<\/span><\/li>\n<li><span style=\"color: #000000;\">Eventos Internacionales<\/span><\/li>\n<li>Eventos nacionales<\/li>\n<\/ul>\n<h2><a title=\"Youth and Non formal education\" href=\"http:\/\/eduardomissoni.info\/?page_id=239&amp;lang=en\"><span style=\"color: #000000;\"><span style=\"color: #000000;\">4 &#8211; Juventud y Educuacu\u00f3n no formal <\/span><\/span><\/a><\/h2>\n<ul>\n<li><span style=\"color: #000000;\">Ense\u00f1anza<\/span><\/li>\n<li><span style=\"color: #000000;\">Eventos Internacionales<\/span><\/li>\n<li>Eventos nacionales<\/li>\n<\/ul>\n<h2><span style=\"color: #000000;\"><a title=\"Others (management, social, political)\" href=\"http:\/\/eduardomissoni.info\/?page_id=242&amp;lang=en\">5 &#8211; Otros (gerencia, cuestiones sociales y\u00a0 politicas)<\/a><br \/>\n<\/span><\/h2>\n<h2><a href=\"http:\/\/www.eduardomissoni.info\/CV\/worldscout\/04-07_SGmissions.html\"><span style=\"color: #000000;\">6 &#8211; Missiones y eventos como Secretario General de OMMS<\/span><\/a><\/h2>\n","protected":false},"excerpt":{"rendered":"<p>La actividad est\u00e1 dividida en seis secciones. los t\u00edtulos de los eventos est\u00e1n en el idioma original. 1 &#8211; Salud Global Ense\u00f1anza Eventos Internacionales Eventos nacionales 2 &#8211; Desarrollo y Cooperaci\u00f3n Internacional Ense\u00f1anza Eventos Internacionales Eventos nacionales 3 &#8211; Con &hellip; <a href=\"https:\/\/eduardomissoni.info\/?page_id=1830\">Continua a leggere<span class=\"meta-nav\">&rarr;<\/span><\/a><\/p>\n","protected":false},"author":1,"featured_media":0,"parent":0,"menu_order":30,"comment_status":"closed","ping_status":"closed","template":"","meta":{"footnotes":""},"class_list":["post-1830","page","type-page","status-publish","hentry"],"_links":{"self":[{"href":"https:\/\/eduardomissoni.info\/index.php?rest_route=\/wp\/v2\/pages\/1830","targetHints":{"allow":["GET"]}}],"collection":[{"href":"https:\/\/eduardomissoni.info\/index.php?rest_route=\/wp\/v2\/pages"}],"about":[{"href":"https:\/\/eduardomissoni.info\/index.php?rest_route=\/wp\/v2\/types\/page"}],"author":[{"embeddable":true,"href":"https:\/\/eduardomissoni.info\/index.php?rest_route=\/wp\/v2\/users\/1"}],"replies":[{"embeddable":true,"href":"https:\/\/eduardomissoni.info\/index.php?rest_route=%2Fwp%2Fv2%2Fcomments&post=1830"}],"version-history":[{"count":3,"href":"https:\/\/eduardomissoni.info\/index.php?rest_route=\/wp\/v2\/pages\/1830\/revisions"}],"predecessor-version":[{"id":1909,"href":"https:\/\/eduardomissoni.info\/index.php?rest_route=\/wp\/v2\/pages\/1830\/revisions\/1909"}],"wp:attachment":[{"href":"https:\/\/eduardomissoni.info\/index.php?rest_route=%2Fwp%2Fv2%2Fmedia&parent=1830"}],"curies":[{"name":"wp","href":"https:\/\/api.w.org\/{rel}","templated":true}]}}