{"id":1838,"date":"2011-07-30T22:34:29","date_gmt":"2017-06-16T04:26:08","guid":{"rendered":"http:\/\/eduardomissoni.info\/?page_id=1838"},"modified":"2019-07-20T18:01:43","modified_gmt":"2019-07-20T18:01:43","slug":"ambito-biomedico","status":"publish","type":"page","link":"https:\/\/eduardomissoni.info\/?page_id=1838","title":{"rendered":"Ambito biom\u00e9dico"},"content":{"rendered":"\n<h2 class=\"wp-block-heading\">Ense\u00f1anza<\/h2>\n\n\n\n<ul class=\"wp-block-list\"><li>\nCurso de nutrici\u00f3n para estudiantes del Master en Salud \nPublica. \u201cInterrelaciones entre nutrici\u00f3n y enfermedades infecciosas\u201d \nEscuela de Salud p\u00fablica de M\u00e9xico, Ciudad de Mexico 9.9.1985 (Invited \nProfessor)\n<\/li><li>\nCurso para enfermeros, asistentes sociales y m\u00e9dicos del\n Hospital Infantil de M\u00e9xico Federico Gomez, sobre diarreas, Terapia de \nRehidrataci\u00f3n Oral, funcionamiento de las Unidades de rehidrataci\u00f3n \nOral, Ciudad de Mexico, 10-14.8.1985 (Invited Professor)\n<\/li><li>\nCursos para promotores y personal de salud de la STUNAM \nsobre lactancia materna.Universidad Nacional Aut\u00f3noma de M\u00e9xico, Ciudad \nde Mexico, 20.10-7.11.1986 (Invited Professor)\n<\/li><li>\nCurso de nutrici\u00f2n para estudiantes del Master en Salud \nP\u00fablica. \u201cInterrelaciones entre nutrici\u00f3n y enfermedades infecciosas\u201d \n(Escuela de Salud p\u00fablica de M\u00e9xico, Ciudad de Mexico 28.8.1986 (Invited\n Professor)\n<\/li><li>\n\u201cCurso de investigaci\u00f3n modular y actualizaci\u00f3n en \nalimentos y nutrici\u00f3n\u201d Universidad Autonoma de M\u00e9xico, Ciudad de Mexico \n2-11.10.1986 (Invited Professor)\n<\/li><li>\nCurso sobre enfermedades diarr\u00e9icas agudas para m\u00e9dicos,\n enfermeras y asistentes sociales del Hospital General de Chilpancingo, \nde \u201cCentros comunitarios\u201d y para m\u00e9dicos supervisores. Chilpancingo \n(Guerrero), 29.9-3.10.86 (Invited Professor)\n<\/li><li>\nPostgraduate course \u201cPatolog\u00eda molecular y tratamiento \ndel c\u00e1ncer digestivo\u201d. Pontificia Universidad Catolica de Chile, \nfacultad de medicina, Santiago, Cile, 30-31.5.1996 (Invited Professor)\n<\/li><\/ul>\n\n\n\n<h2 class=\"wp-block-heading\">Eventos internacionales<br> <\/h2>\n\n\n\n<ul class=\"wp-block-list\"><li>\n\u201cII\u00ba Seminario Internacional sobre diarreas rehidrataci\u00f2n oral\u201d . Ciudad de Mexico 2-6.4.1986 (Guest speaker)\n<\/li><li>\nVIth Symposium on Immunodiagnosis of Tropical \nParasitoses and Actual Problems of Tropical Medicine. Liblice \n(Cecoslovacchia) 14-16.9.1987 (Guest speaker)\n<\/li><li>\nInternational Meeting on Prevention and Control of \nInfections in Tourists in the Mediterranean Area. Rimini, Italia \n8-11.2.1988 (Guest speaker)\n<\/li><li>\nConference on International Travel Medicine. Zurich, Switzerland 5-8.4.1988 (Guest speaker e co-espositore di due poster)\n<\/li><li>\nXIIth International Congress for Tropical Medicine and \nmalaria. Amsterdam, The Netherland, 18-23.9.1988 (Presentation of two \nposters, Co-author)\n<\/li><li>\nTuberculosis Control and Research Strategy for the 1990s\u201d, WHO, Geneva 26-27.10.1990 (Italian Represenative)\n<\/li><li>\nI Seminario Regional de Leishmaniasis. Urubamba (Per\u00fa), 10-14.9.1990 (Guest speaker)\n<\/li><li>\nGiornata internazionale di studio sulla malattia di Chagas. Roma 21.6.1991\n<\/li><li>\nXIIth International Congress for Tropical Medicine and Malaria , Jomtien, Pattaya, Thailand, 29.11 \u2013 4.12.1992 (Guest speaker)\n<\/li><li>\nConferenze Lincee: \u201cMalaria, chloroquine resistance, and\n a new family of transport molecules\u201d prof. Thomas E. Wellems. Roma, \nAccademia Nazionale dei Lincei, 9.2.2001.\n<\/li><\/ul>\n\n\n\n<h2 class=\"wp-block-heading\">Eventos nacionales<br> <\/h2>\n\n\n\n<ul class=\"wp-block-list\"><li>\nPrimer Seminario Nacional sobre Leishmaniasis. \u201cClinica y\n terapia de las leishmaniasis\u201d. Matagalpa, Nicaragua, 15-16.3.1983 \n(Guest speaker)\n<\/li><li>\nConvegno Nazionale sulle Patologie Emergenti. Reggio Emilia 19-20.10.1984 (Co-author)\n<\/li><li>\n\u201cPrimer Seminario Regional sobre diarreas e hidrataci\u00f3n oral\u201d. Oaxaca, Oax., Mexico; 24-25.11.1986 (Guest speaker)\n<\/li><li>\n\u201cSeminario regional sobre diarreas e hidrataci\u00f3n oral\u201d. Guadalajara, Jalisco, Mexico; 28-29.11.1986 (Guest speaker)\n<\/li><li>\nSeminario sobre lactancia materna, organizado por la \nLeche League. Conferencia:\u201dMitos y realidades de lalactancia materna, \ncon referencia a las enfermedades del beb\u00e9 y de la madre\u201d Ciudad de \nMexico 25.4.1986 (Guest speaker)\n<\/li><li>\nConferencia: \u201cLa terapia de rehidrataci\u00f3n oral y su \nempleo en la comunidad\u201d. Ciclo de conferencias. Delegaci\u00f3n del \nDipartimento del Distrito Federal Magdalena Contreras y UNICEF. Ciudad \nde Mexico, 31.10.1986 (Guest speaker)\n<\/li><li>\nI\u00ba Congresso Nazionale della Societ\u00e0 Italiana di \nMedicina Tropicale, Mondello (Palermo), 19-22.10.1994 (member of the \nScientific Committee and Guest speaker on \u201cLa cooperazione sanitaria \nitaliana\u201d)\n<\/li><\/ul>\n","protected":false},"excerpt":{"rendered":"<p>Ense\u00f1anza Curso de nutrici\u00f3n para estudiantes del Master en Salud Publica. \u201cInterrelaciones entre nutrici\u00f3n y enfermedades infecciosas\u201d Escuela de Salud p\u00fablica de M\u00e9xico, Ciudad de Mexico 9.9.1985 (Invited Professor) Curso para enfermeros, asistentes sociales y m\u00e9dicos del Hospital Infantil de &hellip; <a href=\"https:\/\/eduardomissoni.info\/?page_id=1838\">Continua a leggere<span class=\"meta-nav\">&rarr;<\/span><\/a><\/p>\n","protected":false},"author":1,"featured_media":0,"parent":1830,"menu_order":30,"comment_status":"closed","ping_status":"closed","template":"","meta":{"footnotes":""},"class_list":["post-1838","page","type-page","status-publish","hentry"],"_links":{"self":[{"href":"https:\/\/eduardomissoni.info\/index.php?rest_route=\/wp\/v2\/pages\/1838","targetHints":{"allow":["GET"]}}],"collection":[{"href":"https:\/\/eduardomissoni.info\/index.php?rest_route=\/wp\/v2\/pages"}],"about":[{"href":"https:\/\/eduardomissoni.info\/index.php?rest_route=\/wp\/v2\/types\/page"}],"author":[{"embeddable":true,"href":"https:\/\/eduardomissoni.info\/index.php?rest_route=\/wp\/v2\/users\/1"}],"replies":[{"embeddable":true,"href":"https:\/\/eduardomissoni.info\/index.php?rest_route=%2Fwp%2Fv2%2Fcomments&post=1838"}],"version-history":[{"count":2,"href":"https:\/\/eduardomissoni.info\/index.php?rest_route=\/wp\/v2\/pages\/1838\/revisions"}],"predecessor-version":[{"id":2047,"href":"https:\/\/eduardomissoni.info\/index.php?rest_route=\/wp\/v2\/pages\/1838\/revisions\/2047"}],"up":[{"embeddable":true,"href":"https:\/\/eduardomissoni.info\/index.php?rest_route=\/wp\/v2\/pages\/1830"}],"wp:attachment":[{"href":"https:\/\/eduardomissoni.info\/index.php?rest_route=%2Fwp%2Fv2%2Fmedia&parent=1838"}],"curies":[{"name":"wp","href":"https:\/\/api.w.org\/{rel}","templated":true}]}}