{"id":1851,"date":"2011-07-29T04:12:26","date_gmt":"2017-06-16T04:33:37","guid":{"rendered":"http:\/\/eduardomissoni.info\/?page_id=1851"},"modified":"2019-07-20T20:15:23","modified_gmt":"2019-07-20T20:15:23","slug":"nicaragua-los-personajes-y-los-lugares-de-misa-campesina","status":"publish","type":"page","link":"https:\/\/eduardomissoni.info\/?page_id=1851","title":{"rendered":"Nicaragua &#8211; los personajes y los lugares de &#8220;Misa Campesina&#8221;"},"content":{"rendered":"\n<p><a href=\"http:\/\/eduardomissoni.info\/CV\/foto\/fotonicaragua\/fotonicaragua.html\">(Album fotogr\u00e1fico)<\/a>  Desp\u00e9s de haberse graduado en medicina, Eduardo trabaj\u00f3 durante tres a\u00f1os como voluntario en Nicaragua, dedic\u00e1ndose a la salud y al desarrollo social de las comunidades rurales locales, as\u00ed como a la gesti\u00f3n de la salud p\u00fablica.<\/p>\n\n\n\n<p><a rel=\"noreferrer noopener\" href=\"http:\/\/eduardomissoni.info\/CV\/foto\/fotonicaragua\/fotonicaragua.html\" target=\"_blank\">Miras las <strong>fotos de las personas y de los lugares en aquellos a\u00f1os <\/strong><\/a><\/p>\n\n\n\n<p>Basado en aquella experiencia escribi\u00f3 el libro  \u201cMisa Campesina\u201d <a rel=\"noreferrer noopener\" aria-label=\" (opens in a new tab)\" href=\"http:\/\/eduardomissoni.info\/?page_id=735\" target=\"_blank\">(para leer m\u00e1s)<\/a><\/p>\n","protected":false},"excerpt":{"rendered":"<p>(Album fotogr\u00e1fico) Desp\u00e9s de haberse graduado en medicina, Eduardo trabaj\u00f3 durante tres a\u00f1os como voluntario en Nicaragua, dedic\u00e1ndose a la salud y al desarrollo social de las comunidades rurales locales, as\u00ed como a la gesti\u00f3n de la salud p\u00fablica. Miras &hellip; <a href=\"https:\/\/eduardomissoni.info\/?page_id=1851\">Continua a leggere<span class=\"meta-nav\">&rarr;<\/span><\/a><\/p>\n","protected":false},"author":1,"featured_media":0,"parent":1846,"menu_order":0,"comment_status":"closed","ping_status":"closed","template":"onecolumn-page.php","meta":{"footnotes":""},"class_list":["post-1851","page","type-page","status-publish","hentry"],"_links":{"self":[{"href":"https:\/\/eduardomissoni.info\/index.php?rest_route=\/wp\/v2\/pages\/1851","targetHints":{"allow":["GET"]}}],"collection":[{"href":"https:\/\/eduardomissoni.info\/index.php?rest_route=\/wp\/v2\/pages"}],"about":[{"href":"https:\/\/eduardomissoni.info\/index.php?rest_route=\/wp\/v2\/types\/page"}],"author":[{"embeddable":true,"href":"https:\/\/eduardomissoni.info\/index.php?rest_route=\/wp\/v2\/users\/1"}],"replies":[{"embeddable":true,"href":"https:\/\/eduardomissoni.info\/index.php?rest_route=%2Fwp%2Fv2%2Fcomments&post=1851"}],"version-history":[{"count":2,"href":"https:\/\/eduardomissoni.info\/index.php?rest_route=\/wp\/v2\/pages\/1851\/revisions"}],"predecessor-version":[{"id":2058,"href":"https:\/\/eduardomissoni.info\/index.php?rest_route=\/wp\/v2\/pages\/1851\/revisions\/2058"}],"up":[{"embeddable":true,"href":"https:\/\/eduardomissoni.info\/index.php?rest_route=\/wp\/v2\/pages\/1846"}],"wp:attachment":[{"href":"https:\/\/eduardomissoni.info\/index.php?rest_route=%2Fwp%2Fv2%2Fmedia&parent=1851"}],"curies":[{"name":"wp","href":"https:\/\/api.w.org\/{rel}","templated":true}]}}