{"id":1867,"date":"2011-08-02T02:01:16","date_gmt":"2011-08-02T02:01:16","guid":{"rendered":"http:\/\/eduardomissoni.info\/?page_id=1867"},"modified":"2023-11-23T22:23:23","modified_gmt":"2023-11-23T22:23:23","slug":"textbooks-and-essays","status":"publish","type":"page","link":"https:\/\/eduardomissoni.info\/?page_id=1867","title":{"rendered":"Libros universitarios y ensayos"},"content":{"rendered":"<p><span style=\"font-family: Times New Roman;\">Missoni ha publicado numerosas <a href=\"http:\/\/eduardomissoni.info\/?page_id=1816&amp;lang=es\">obras en el \u00e1rea de la salud p\u00fablica, el desarrollo y la cooperaci\u00f3n internacional<\/a>. Entre ellas los siguientes libros<\/span>:<\/p>\n\n\n<div class=\"wp-block-media-text alignwide is-stacked-on-mobile\" style=\"grid-template-columns:22% auto\"><figure class=\"wp-block-media-text__media\"><img loading=\"lazy\" decoding=\"async\" width=\"727\" height=\"1024\" src=\"https:\/\/eduardomissoni.info\/wp-content\/uploads\/Copertina-LIbro-Missoni-Alesani-2nd-ed.-727x1024.jpg\" alt=\"\" class=\"wp-image-2994 size-full\" srcset=\"https:\/\/eduardomissoni.info\/wp-content\/uploads\/Copertina-LIbro-Missoni-Alesani-2nd-ed.-727x1024.jpg 727w, https:\/\/eduardomissoni.info\/wp-content\/uploads\/Copertina-LIbro-Missoni-Alesani-2nd-ed.-213x300.jpg 213w, https:\/\/eduardomissoni.info\/wp-content\/uploads\/Copertina-LIbro-Missoni-Alesani-2nd-ed.-768x1081.jpg 768w, https:\/\/eduardomissoni.info\/wp-content\/uploads\/Copertina-LIbro-Missoni-Alesani-2nd-ed..jpg 882w\" sizes=\"auto, (max-width: 727px) 100vw, 727px\" \/><\/figure><div class=\"wp-block-media-text__content\">\n<h2 class=\"wp-block-heading\"><a href=\"https:\/\/www.routledge.com\/Management-of-International-Institutions-and-NGOs-Insights-for-Global-Leaders\/Missoni-Alesani\/p\/book\/9780367133047\">Management of International Institutions and NGOs. Insights for Global Leaders<\/a><\/h2>\n\n\n\n<p>Eduardo Missoni and Daniele Alesani<\/p>\n\n\n\n<p>Routledge, 2024<\/p>\n<\/div><\/div>\n\n\n\n<div class=\"wp-block-media-text alignwide is-stacked-on-mobile is-vertically-aligned-top\" style=\"grid-template-columns:22% auto\"><figure class=\"wp-block-media-text__media\"><img loading=\"lazy\" decoding=\"async\" width=\"557\" height=\"900\" src=\"http:\/\/eduardomissoni.info\/wp-content\/uploads\/Copertina.jpg\" alt=\"\" class=\"wp-image-2491 size-full\" srcset=\"https:\/\/eduardomissoni.info\/wp-content\/uploads\/Copertina.jpg 557w, https:\/\/eduardomissoni.info\/wp-content\/uploads\/Copertina-186x300.jpg 186w\" sizes=\"auto, (max-width: 557px) 100vw, 557px\" \/><\/figure><div class=\"wp-block-media-text__content\">\n<h2 class=\"wp-block-heading\"><a href=\"https:\/\/www.store.rubbettinoeditore.it\/geopolitica-della-salute.html\" target=\"_blank\" rel=\"noreferrer noopener\">Geopolitica della salute. Covid-19, OMS e la sfida pandemica<\/a><\/h2>\n\n\n\n<p>Nicoletta Dentico, Eduardo Missoni<\/p>\n\n\n\n<p>Rubettino, 2021<\/p>\n<\/div><\/div>\n\n\n<h2><a href=\"http:\/\/eduardomissoni.info\/wp-content\/uploads\/paperback-cover.jpg\"><img loading=\"lazy\" decoding=\"async\" class=\"alignleft  wp-image-1966\" src=\"http:\/\/eduardomissoni.info\/wp-content\/uploads\/paperback-cover-212x300.jpg\" alt=\"\" width=\"153\" height=\"216\" srcset=\"https:\/\/eduardomissoni.info\/wp-content\/uploads\/paperback-cover-212x300.jpg 212w, https:\/\/eduardomissoni.info\/wp-content\/uploads\/paperback-cover.jpg 301w\" sizes=\"auto, (max-width: 153px) 100vw, 153px\" \/><\/a><a href=\"http:\/\/eduardomissoni.info\/?p=1965&amp;lang=en\">Global Health Governance and Policy: An Introduction<\/a><\/h2>\n<p>Eduardo Missoni, Guglielmo Pacileo and Fabrizio Tediosi<\/p>\n<p>Routledge, 2019<\/p>\n<h2 style=\"text-align: left;\"><span style=\"color: #ff0000;\"><a href=\"http:\/\/eduardomissoni.info\/wp-content\/uploads\/prima-di-coeprtina.jpg\" rel=\"attachment wp-att-1716\"><img loading=\"lazy\" decoding=\"async\" class=\"alignleft wp-image-1716\" src=\"http:\/\/eduardomissoni.info\/wp-content\/uploads\/prima-di-coeprtina-203x300.jpg\" alt=\"Elementi_2_prima_di_copertina\" width=\"164\" height=\"243\" srcset=\"https:\/\/eduardomissoni.info\/wp-content\/uploads\/prima-di-coeprtina-203x300.jpg 203w, https:\/\/eduardomissoni.info\/wp-content\/uploads\/prima-di-coeprtina.jpg 349w\" sizes=\"auto, (max-width: 164px) 100vw, 164px\" \/><\/a><\/span><span style=\"color: #ff0000;\"><span style=\"color: #000000;\">Elementi di Salute Globale<\/span><\/span><\/h2>\n<p style=\"text-align: left;\"><span style=\"color: #ff0000;\"><span style=\"color: #000000;\">Globalizzazione, politiche sanitarie e salute umana<\/span><\/span><\/p>\n<p style=\"text-align: left;\">Nuova edizione aggiornata<\/p>\n<p style=\"text-align: left;\"><span style=\"color: #ff0000;\"><span style=\"color: #000000;\"> Eduardo M<\/span><\/span>issoni e Guglielmo Pacileo<br>Prefazione (alla prima edizione) di Giovanni Berlinguer<br>Franco Angeli, 2016<\/p>\n<h2 style=\"font-family: Times New Roman; text-align: left;\"><a href=\"http:\/\/eduardomissoni.info\/wp-content\/uploads\/Missoni-Actionaid-cooperazione-e1434654836270.jpg\"><img loading=\"lazy\" decoding=\"async\" class=\"wp-image-1554 size-full alignleft\" src=\"http:\/\/eduardomissoni.info\/wp-content\/uploads\/Missoni-Actionaid-cooperazione-e1434654836270.jpg\" alt=\"Missoni-Actionaid-cooperazione\" width=\"171\" height=\"243\"><\/a>&#8220;Indirizzo politico, governo controllo e attuazione nella riorganizzazione della Cooperazione Italiana&#8221;<\/h2>\n<p>Eduardo Missoni<\/p>\n<p>Actionaid, 2015<\/p>\n<p><a href=\"http:\/\/www.eduardomissoni.net\/CV\/mieiscrittipdf\/150617 - Riforma-Cooperazione_Italiana.pdf\" target=\"_blank\" rel=\"noopener noreferrer\">Obt\u00e9n gratis<\/a><\/p>\n<h2><a href=\"http:\/\/www.routledge.com\/books\/details\/9780415706650\/\" target=\"_blank\" rel=\"http:\/\/www.routledge.com\/books\/details\/9780415706650\/ noopener noreferrer\"><img decoding=\"async\" class=\"alignleft wp-image-1217\" src=\"http:\/\/eduardomissoni.info\/wp-content\/uploads\/Cover_Missoni_Alesani-194x300.png\" alt=\"Cover_Missoni_Alesani\" width=\"157.1\" height=\"243\" srcset=\"https:\/\/eduardomissoni.info\/wp-content\/uploads\/Cover_Missoni_Alesani-194x300.png 194w, https:\/\/eduardomissoni.info\/wp-content\/uploads\/Cover_Missoni_Alesani.png 332w\" sizes=\"(max-width: 194px) 100vw, 194px\" \/><\/a>&#8220;Management of International Institutions and NGOs. Frameworks, practices and challenges&#8221;<\/h2>\n<p>Eduardo Missoni and Daniele Alesani<\/p>\n<p>Routledge, 2013<\/p>\n<h2 style=\"font-family: Times New Roman;\"><a href=\"http:\/\/eduardomissoni.info\/wp-content\/uploads\/Copertina_solo_prima.jpg\"><img loading=\"lazy\" decoding=\"async\" class=\"alignleft wp-image-1134\" style=\"border: 1px solid black;\" src=\"http:\/\/eduardomissoni.info\/wp-content\/uploads\/Copertina_solo_prima-212x300.jpg\" alt=\"Copertina_solo_prima\" width=\"172\" height=\"243\" srcset=\"https:\/\/eduardomissoni.info\/wp-content\/uploads\/Copertina_solo_prima-212x300.jpg 212w, https:\/\/eduardomissoni.info\/wp-content\/uploads\/Copertina_solo_prima.jpg 376w\" sizes=\"auto, (max-width: 172px) 100vw, 172px\" \/><\/a>&#8220;Education in Global Health Policy and Management&#8221;<\/h2>\n<p>Edited by Eduardo Missoni and Fabrizio Tediosi<\/p>\n<p>Egea, 2013<\/p>\n<h2>&nbsp;<\/h2>\n<h2 style=\"text-align: left;\">&nbsp;<\/h2>\n<h2 style=\"text-align: left;\"><span style=\"color: #ff0000;\"><span style=\"color: #000000;\"><a href=\"http:\/\/eduardomissoni.info\/wp-content\/uploads\/2011\/08\/sanitauniversale.jpg\"><img loading=\"lazy\" decoding=\"async\" class=\"wp-image-350 alignleft\" title=\"sanitauniversale\" src=\"http:\/\/eduardomissoni.info\/wp-content\/uploads\/2011\/08\/sanitauniversale-194x300.jpg\" alt=\"\" width=\"155\" height=\"240\" srcset=\"https:\/\/eduardomissoni.info\/wp-content\/uploads\/2011\/08\/sanitauniversale-194x300.jpg 194w, https:\/\/eduardomissoni.info\/wp-content\/uploads\/2011\/08\/sanitauniversale.jpg 195w\" sizes=\"auto, (max-width: 155px) 100vw, 155px\" \/><\/a><\/span><\/span>&#8220;Per una Sanit\u00e0 Universale.Responsabilit\u00e0 globale,soluzioni locali&#8221;<\/h2>\n<p style=\"text-align: left;\">(For a Universal Health. Global Responsibility, Local Solutions)<\/p>\n<p style=\"text-align: left;\">(edited by Eduardo Missoni e Fabrizio Tediosi)<br>Preface by Giovanni Berlinguer<br>Il Pensiero Scientifico Editore, 2011<\/p>\n<h2 style=\"text-align: left;\"><span style=\"color: #ff0000;\"><span style=\"color: #000000;\"><a href=\"http:\/\/eduardomissoni.info\/wp-content\/uploads\/2011\/08\/UHC.jpg\"><img loading=\"lazy\" decoding=\"async\" class=\"wp-image-351 alignleft\" style=\"border: 1px solid black;\" title=\"UHC\" src=\"http:\/\/eduardomissoni.info\/wp-content\/uploads\/2011\/08\/UHC-210x300.jpg\" alt=\"\" width=\"151\" height=\"216\" srcset=\"https:\/\/eduardomissoni.info\/wp-content\/uploads\/2011\/08\/UHC-210x300.jpg 210w, https:\/\/eduardomissoni.info\/wp-content\/uploads\/2011\/08\/UHC.jpg 455w\" sizes=\"auto, (max-width: 151px) 100vw, 151px\" \/><\/a>&#8220;Attaining Universal Health Coverage&#8221;<\/span><\/span><\/h2>\n<p style=\"text-align: left;\"><span style=\"color: #ff0000;\"><span style=\"color: #000000;\">A research initiative to support<\/span><\/span><span style=\"color: #ff0000;\"><span style=\"color: #000000;\"> evidence-based advocacy and policy-making<\/span><\/span><\/p>\n<p style=\"text-align: left;\"><span style=\"color: #ff0000;\"><span style=\"color: #000000;\">(<\/span><\/span><span style=\"color: #ff0000;\"><span style=\"color: #000000;\">edited by Eduardo Missoni)<\/span><\/span><br><span style=\"color: #ff0000;\"><span style=\"color: #000000;\">EGEA, 2010 <\/span><\/span><\/p>\n<p style=\"text-align: left;\"><a href=\"https:\/\/login.unibocconi.it\/registrazione\/login.php?nomefile=Bocconi_Initiative_on_Attaining_UHC2010061511252720100707154413.pdf\" target=\"_blank\" rel=\"noopener noreferrer\">Obt\u00e9n gratis (necesita registraci\u00f3n)<\/a><\/p>\n<h2 style=\"text-align: left;\"><span style=\"color: #ff0000;\"><span style=\"color: #000000;\"><a href=\"http:\/\/eduardomissoni.info\/wp-content\/uploads\/2011\/08\/saluteglobale.jpg\"><img loading=\"lazy\" decoding=\"async\" class=\"wp-image-352 alignleft\" title=\"saluteglobale\" src=\"http:\/\/eduardomissoni.info\/wp-content\/uploads\/2011\/08\/saluteglobale-198x300.jpg\" alt=\"\" width=\"158\" height=\"240\"><\/a><\/span><\/span><span style=\"color: #ff0000;\"><span style=\"color: #000000;\">Elementi di Salute Globale <\/span><\/span><\/h2>\n<p style=\"text-align: left;\"><span style=\"color: #ff0000;\"><span style=\"color: #000000;\">Globalization, health policies and human health<\/span><\/span><\/p>\n<p style=\"text-align: left;\"><span style=\"color: #ff0000;\"><span style=\"color: #000000;\"> by Eduardo M<\/span><\/span>issoni and Guglielmo Pacileo<br>Preface by Giovanni Berlinguer<br>Franco Angeli, 2005<\/p>\n<h2 style=\"text-align: left;\"><span style=\"color: #ff0000;\"><span style=\"color: #000000;\"><a href=\"http:\/\/eduardomissoni.info\/wp-content\/uploads\/2011\/08\/osservatorio1.jpg\"><img loading=\"lazy\" decoding=\"async\" class=\"wp-image-353 alignleft\" title=\"osservatorio\" src=\"http:\/\/eduardomissoni.info\/wp-content\/uploads\/2011\/08\/osservatorio1-192x300.jpg\" alt=\"\" width=\"173\" height=\"270\" srcset=\"https:\/\/eduardomissoni.info\/wp-content\/uploads\/2011\/08\/osservatorio1-192x300.jpg 192w, https:\/\/eduardomissoni.info\/wp-content\/uploads\/2011\/08\/osservatorio1.jpg 296w\" sizes=\"auto, (max-width: 173px) 100vw, 173px\" \/><\/a><\/span><\/span><span style=\"color: #ff0000;\"><span style=\"color: #000000;\">Salute e Globalizzazione<\/span><\/span><\/h2>\n<p style=\"text-align: left;\"><span style=\"color: #ff0000;\"><span style=\"color: #000000;\">(health and globalization)<\/span><\/span><br><span style=\"color: #ff0000;\"><span style=\"color: #000000;\"> The 2004 of the Italian Global Health Watch<\/span><\/span><br><span style=\"color: #ff0000;\"><span style=\"color: #000000;\"> (Osservatorio Italiano sulla Salute Globale)<\/span><\/span><br><span style=\"color: #ff0000;\"><span style=\"color: #000000;\"> (edited by Eduardo Missoni)<\/span><\/span><br><span style=\"color: #ff0000;\"><span style=\"color: #000000;\">Feltrinelli, 2004<\/span><\/span><\/p>\n<p style=\"text-align: left;\"><a href=\"http:\/\/saluteglobale.it\/il-rapporto-delloisg\/salute-e-globalizzazione-2004\/\" target=\"_blank\" rel=\"noopener noreferrer\">(Obt\u00e9n gratis)<\/a><\/p>\n<h2 style=\"text-align: left;\">&nbsp;<\/h2>\n<h2 style=\"text-align: left;\">Nunca aceptes carabelas de desconocidos<a href=\"http:\/\/eduardomissoni.info\/wp-content\/uploads\/carabelas_portada.jpg\"><img loading=\"lazy\" decoding=\"async\" class=\"alignleft\" title=\"carabelas_portada\" src=\"http:\/\/eduardomissoni.info\/wp-content\/uploads\/carabelas_portada-212x300.jpg\" alt=\"\" width=\"170\" height=\"240\"><\/a><\/h2>\n<p style=\"text-align: left;\">El sistema italiano de Cooperaci\u00f3n y sus relaciones con Am\u00e9rica Latina<\/p>\n<p style=\"text-align: left;\">Eduardo Missoni y Mar\u00eda In\u00e9s Bussi<br>ECOE ediciones, 1993<\/p>\n<p style=\"text-align: left;\"><a href=\"http:\/\/www.eduardomissoni.net\/CV\/mieiscrittipdf\/Nunca_aceptes_carabelas_de_desconocidos.pdf\">(Obt\u00e9n gratis)<\/a><\/p>\n<p><span style=\"border-radius: 2px; text-indent: 20px; width: auto; padding: 0px 4px 0px 0px; text-align: center; font: bold 11px\/20px 'Helvetica Neue',Helvetica,sans-serif; color: #ffffff; background: #bd081c  no-repeat scroll 3px 50% \/ 14px 14px; position: absolute; opacity: 1; z-index: 8675309; display: none; cursor: pointer; top: 1962px; left: 202px;\">Save<\/span><\/p>\n\n\n<div class=\"wp-block-media-text alignwide is-stacked-on-mobile is-vertically-aligned-top\" style=\"grid-template-columns:30% auto\"><figure class=\"wp-block-media-text__media\"><img loading=\"lazy\" decoding=\"async\" width=\"772\" height=\"1024\" src=\"http:\/\/eduardomissoni.info\/wp-content\/uploads\/La-Leishmaniasis-tegumentaria-772x1024.jpeg\" alt=\"\" class=\"wp-image-2799 size-full\" srcset=\"https:\/\/eduardomissoni.info\/wp-content\/uploads\/La-Leishmaniasis-tegumentaria-772x1024.jpeg 772w, https:\/\/eduardomissoni.info\/wp-content\/uploads\/La-Leishmaniasis-tegumentaria-226x300.jpeg 226w, https:\/\/eduardomissoni.info\/wp-content\/uploads\/La-Leishmaniasis-tegumentaria-768x1019.jpeg 768w, https:\/\/eduardomissoni.info\/wp-content\/uploads\/La-Leishmaniasis-tegumentaria-1158x1536.jpeg 1158w, https:\/\/eduardomissoni.info\/wp-content\/uploads\/La-Leishmaniasis-tegumentaria-1544x2048.jpeg 1544w, https:\/\/eduardomissoni.info\/wp-content\/uploads\/La-Leishmaniasis-tegumentaria-scaled.jpeg 1930w\" sizes=\"auto, (max-width: 772px) 100vw, 772px\" \/><\/figure><div class=\"wp-block-media-text__content\">\n<h2 class=\"wp-block-heading\">La Leishmaniasis tegumentaria<\/h2>\n\n\n\n<p>Manual de Atenci\u00f3n Primaria para los trabajadores de salud del primer nivel. <\/p>\n\n\n\n<p>(Con dibujos del autor)<\/p>\n\n\n\n<p>Eduardo Missoni<\/p>\n\n\n\n<p>1986<\/p>\n\n\n\n<p>(elaborado en Mexico y donado por el autor al Ministerio de Salud de Nicaragua)<\/p>\n\n\n\n<p>(<a href=\"http:\/\/eduardomissoni.info\/wp-content\/uploads\/La-Leishmaniasis-tegumentaria.pdf\">Obt\u00e9n gratis<\/a>) <\/p>\n<\/div><\/div>\n","protected":false},"excerpt":{"rendered":"<p>Missoni ha publicado numerosas obras en el \u00e1rea de la salud p\u00fablica, el desarrollo y la cooperaci\u00f3n internacional. Entre ellas los siguientes libros: Management of International Institutions and NGOs. Insights for Global Leaders Eduardo Missoni and Daniele Alesani Routledge, 2024 &hellip; <a href=\"https:\/\/eduardomissoni.info\/?page_id=1867\">Continua a leggere<span class=\"meta-nav\">&rarr;<\/span><\/a><\/p>\n","protected":false},"author":1,"featured_media":0,"parent":1855,"menu_order":10,"comment_status":"closed","ping_status":"closed","template":"","meta":{"footnotes":""},"class_list":["post-1867","page","type-page","status-publish","hentry"],"_links":{"self":[{"href":"https:\/\/eduardomissoni.info\/index.php?rest_route=\/wp\/v2\/pages\/1867","targetHints":{"allow":["GET"]}}],"collection":[{"href":"https:\/\/eduardomissoni.info\/index.php?rest_route=\/wp\/v2\/pages"}],"about":[{"href":"https:\/\/eduardomissoni.info\/index.php?rest_route=\/wp\/v2\/types\/page"}],"author":[{"embeddable":true,"href":"https:\/\/eduardomissoni.info\/index.php?rest_route=\/wp\/v2\/users\/1"}],"replies":[{"embeddable":true,"href":"https:\/\/eduardomissoni.info\/index.php?rest_route=%2Fwp%2Fv2%2Fcomments&post=1867"}],"version-history":[{"count":13,"href":"https:\/\/eduardomissoni.info\/index.php?rest_route=\/wp\/v2\/pages\/1867\/revisions"}],"predecessor-version":[{"id":3003,"href":"https:\/\/eduardomissoni.info\/index.php?rest_route=\/wp\/v2\/pages\/1867\/revisions\/3003"}],"up":[{"embeddable":true,"href":"https:\/\/eduardomissoni.info\/index.php?rest_route=\/wp\/v2\/pages\/1855"}],"wp:attachment":[{"href":"https:\/\/eduardomissoni.info\/index.php?rest_route=%2Fwp%2Fv2%2Fmedia&parent=1867"}],"curies":[{"name":"wp","href":"https:\/\/api.w.org\/{rel}","templated":true}]}}