{"id":239,"date":"2011-01-03T00:00:00","date_gmt":"2011-07-30T21:35:33","guid":{"rendered":"http:\/\/emissoni.wordpress.com\/?page_id=239"},"modified":"2015-04-25T14:16:44","modified_gmt":"2015-04-25T14:16:44","slug":"youth-scouting-and-non-formal-education","status":"publish","type":"page","link":"https:\/\/eduardomissoni.info\/?page_id=239","title":{"rendered":"Youth and Non formal education"},"content":{"rendered":"<h2><span style=\"color: #000000;\">International Events <\/span><\/h2>\n<ul>\n<li>World Scout Interreligious Symposium, Learning to live together: tolerance and solidarity, Valencia, Spain, 29.11-2.12.2003 (Inaugural speech)<\/li>\n<\/ul>\n<ul>\n<li>&#8220;How Big is Your World?&#8221;: The Europe, Youth and Globalisation Event, Council of Europe, Strasbourg, 5-9.5.2004\u00a0 (Panel &#8220;Global Partnership for Development&#8221;)<\/li>\n<\/ul>\n<ul>\n<li><a href=\"http:\/\/www.eduardomissoni.net\/CV\/scritti_interventi_scout\/070521%20-%20ECA_Youth_Conference_Report.pdf\" target=\"_blank\">Conference &#8220;Young People in Eastern Europe and Central Asia. From Policy to Action&#8221;, The World Bank\/Cooperazione Italiana, Roma, 21-24.5.2007 (Guest speaker on &#8220;Exercising Active Youth Citizenship&#8221;)<\/a><\/li>\n<\/ul>\n<ul>\n<li><a href=\"http:\/\/www.eduardomissoni.net\/CV\/scritti_interventi_scout\/071116-SG_WorldCongressOpening.pdf\" target=\"_blank\">World Scientific Congress, &#8220;Education and the World Scout Movement: Experiences and Challenges&#8221;, WOSM, Gen\u00e8ve, 16.11.2007 (Speaker)<\/a><\/li>\n<\/ul>\n<ul>\n<li>IV Jornadas Internacionales de Pedagog\u00eda Scout, Escola Universitaria d&#8217;Estudis Empresarials, Barcelona, 6-8.12.2007 (Guest Speaker &#8220;Presente y futiro del Movimiento Scout Mundial&#8221;)<\/li>\n<li>\n<p lang=\"it-IT\">Healing the war. Psychosocial experiences and perspectives. Youth as a key to sustainable post-conflict recovery. II International Meeting, IOM, Geneva, 12.12.2007 (Round Table)<\/p>\n<\/li>\n<li>Africa e Scautismo. Una Pedagogia per cambiare il mondo. Roma Scout Center, Roma, 21.1.2012 (Intervention in video conference)<\/li>\n<\/ul>\n<h2><span style=\"color: #000000;\">National Events<\/span><\/h2>\n<ul>\n<li>Incontro &#8220;Dall&#8217;amministrazione pubblica al vertice della pi\u00f9 grande organizzazione giovanile del mondo: un percorso professionale al servizio dei valori. Domande e risposte con Eduardo Missoni&#8221;. Universit\u00e0 Bocconi, Milano, 11.3.2004<\/li>\n<li>\n<p lang=\"it-IT\">Meeting &#8220;Universit\u00e0 e Scoutismo: Competenze e impegno nel nuovo scenario globale, ISU-Bocconi\/WOSM, Univerist\u00e0 Bocconi, Milano, 8.3.2005 (Guest speaker)<\/p>\n<\/li>\n<li>Corso ALT (Assistant Training Leader) &#8211; FIS\/FIAS RAIDER, Cir\u00f2 Marina (Calabria), 31.10-1.11.2008 (membro dello staff di formazione)<\/li>\n<\/ul>\n<ul>\n<li>\n<p lang=\"it-IT\">&#8220;Cooperazione allo Sviluppo e Scoutismo: metodo educativo ed operativo&#8221;, Ciclo di seminari sui temi di: Cooperazione e Sviluppo, Universit\u00e0 di Parma, 10.12.2008 (Guest Speaker)<\/p>\n<\/li>\n<li>Mesa Redonda &#8220;Foro en vivo de La Roca del Consejo&#8221;, Cadiz, 11.9.2009 (Conferenza &#8220;Organizaci\u00f3n en el Movimiento Scout: democracia interna, estructuras, finanzas, desde el grupo scout hasta el Bur\u00f3 Mundial&#8221;)<\/li>\n<\/ul>\n<ul>\n<li>Asamblea del Movimiento Scout Cat\u00f3lico de C\u00e1diz &#8211; Ceuta, 12-13.9.2009 (Conferenza Introduttiva &#8220;El Movimiento Scout en tiempos de globalizaci\u00f3n&#8221;)<\/li>\n<\/ul>\n<ul>\n<li><a href=\"http:\/\/www.eduardomissoni.net\/CV\/worldscout\/Stampa%20e%20commenti_%20ex_SG\/091020%20-%20Rimini.pdf\" target=\"_blank\">Incontro pubblico &#8220;Quando un&#8217;attivit\u00e0 ricreativa diviene anche educativa?&#8221;, promosso dagli scout del Masci e dell&#8217;Agesci, <\/a><a href=\"http:\/\/www.eduardomissoni.net\/CV\/worldscout\/Stampa%20e%20commenti_%20ex_SG\/091020%20-%20Rimini.pdf\" target=\"_blank\">Rimini,\u00a0 20.10.2009<\/a><\/li>\n<\/ul>\n<ul>\n<li>&#8220;AGESCI Convegno Capi Zona Bergamo&#8221;, Treviglio (BG), 7.2.2010 (incontro con i capi)<\/li>\n<\/ul>\n<ul>\n<li>&#8220;AGESCI Assemblea di Zona Brescia&#8221;, \u00a0Magno di Gavardo (BS), 8-9.5.2010 (incontro con i capi)<\/li>\n<\/ul>\n<ul>\n<li>Incontro &#8220;Chiese strumento di pace? In cammino verso la Convocazione Internazionale Ecumenica sulla Pace, Kingston, Maggio 2011&#8221;, Milano, 2.6.2010 (co-facilitattore del gruppo di lavoro su\u00a0 &#8220;Educare alla Pace e alla non violenza)<\/li>\n<\/ul>\n<ul>\n<li>Convegno di studi &#8220;La pedagogia attiva dello scautismo nella societ\u00e0 contemporanea per la formazione del Buon Cittadino&#8221;, AGESCI \u2013 CNGEI \u2013 FSE &#8211; MASCI, Messina, 11.11.2010 (Relatore sul tema &#8220;Scautismo e trasformazione sociale. Un Movimento non &#8216;solo&#8217; un&#8217;organizzazione&#8221;)<\/li>\n<\/ul>\n<ul>\n<li>Conferenza Regionale &#8220;La nostra avventura nel tempo. I primi cento anni di scautismo in Sicilia,\u00a0 AGESCI \u2013 CNGEI \u2013 FSE &#8211; MASCI, Giarre, 12.11.2010 (Relatore sul tema &#8220;Lo Scautismo cos&#8217;era e cos&#8217;\u00e8&#8221;)<\/li>\n<\/ul>\n<ul>\n<li>Incontro &#8220;Educare all&#8217;impegno. L&#8217;impegno di educare&#8221;, AGESCI, Trezzano sN1, Trezzano sul naviglio, 23.2.2011 (Guest Speaker)<\/li>\n<\/ul>\n<ul>\n<li><a href=\"http:\/\/www.eduardomissoni.net\/CV\/mieiscrittipdf\/120319 - Giarre - Scoutismo e Formazione alla Leadership.pdf\" target=\"_blank\">Convegno \u00abScautismo e formazione alla leadership\u00bb, Centro studi AGESCI Sicilia, Giarre (CT), 19.2.2012 (Relatore sul tema: &#8220;L\u2019esigenza nel mondo aziendale di avere persone che hanno sviluppato delle doti di leadership. L\u2019esperienza del WOSM (World Organization Scout Movement) e della SDA (Scuola di Direzione Aziendale) Bocconi, riguardante la formazione alla leadership&#8221;)<\/a><\/li>\n<\/ul>\n<ul>\n<li>Comunicare valore sociale. Nel tempo della crisi dei progetti educativi, l&#8217;esperienza dell&#8217;associazione scout CNGEI a cento anni dalla sua nascita. Convegno nel Centenario del CNGEI, Corpo Nazionale Giovani Esploratori ed Esploratrici Italiani. Milano, 16.3.2013 (Relatore sul tema &#8220;Scoutismo mondiale e istituzioni internazionali&#8221;)<\/li>\n<\/ul>\n<ul>\n<li><a href=\"http:\/\/www.eduardomissoni.net\/CV\/scritti_interventi_scout\/150131%20-%20AGESCI%20atti%20seminario%202015.pdf\" target=\"_blank\">L\u2019Educazione Scout dinanzi alla sfida della Multiculturalit\u00e0. AGESCI, Regione Sicilia, Canicatt\u00ec 31.1.2015 (Relatore sul tema: \u201cScautismo e\u0300 camminare insieme e superamento di tutte le diversita\u0300.\u201d)<\/a><\/li>\n<\/ul>\n","protected":false},"excerpt":{"rendered":"<p>International Events World Scout Interreligious Symposium, Learning to live together: tolerance and solidarity, Valencia, Spain, 29.11-2.12.2003 (Inaugural speech) &#8220;How Big is Your World?&#8221;: The Europe, Youth and Globalisation Event, Council of Europe, Strasbourg, 5-9.5.2004\u00a0 (Panel &#8220;Global Partnership for Development&#8221;) Conference &hellip; <a href=\"https:\/\/eduardomissoni.info\/?page_id=239\">Continua a leggere<span class=\"meta-nav\">&rarr;<\/span><\/a><\/p>\n","protected":false},"author":1,"featured_media":716,"parent":13,"menu_order":4,"comment_status":"closed","ping_status":"closed","template":"","meta":{"footnotes":""},"class_list":["post-239","page","type-page","status-publish","has-post-thumbnail","hentry"],"_links":{"self":[{"href":"https:\/\/eduardomissoni.info\/index.php?rest_route=\/wp\/v2\/pages\/239","targetHints":{"allow":["GET"]}}],"collection":[{"href":"https:\/\/eduardomissoni.info\/index.php?rest_route=\/wp\/v2\/pages"}],"about":[{"href":"https:\/\/eduardomissoni.info\/index.php?rest_route=\/wp\/v2\/types\/page"}],"author":[{"embeddable":true,"href":"https:\/\/eduardomissoni.info\/index.php?rest_route=\/wp\/v2\/users\/1"}],"replies":[{"embeddable":true,"href":"https:\/\/eduardomissoni.info\/index.php?rest_route=%2Fwp%2Fv2%2Fcomments&post=239"}],"version-history":[{"count":9,"href":"https:\/\/eduardomissoni.info\/index.php?rest_route=\/wp\/v2\/pages\/239\/revisions"}],"predecessor-version":[{"id":1514,"href":"https:\/\/eduardomissoni.info\/index.php?rest_route=\/wp\/v2\/pages\/239\/revisions\/1514"}],"up":[{"embeddable":true,"href":"https:\/\/eduardomissoni.info\/index.php?rest_route=\/wp\/v2\/pages\/13"}],"wp:featuredmedia":[{"embeddable":true,"href":"https:\/\/eduardomissoni.info\/index.php?rest_route=\/wp\/v2\/media\/716"}],"wp:attachment":[{"href":"https:\/\/eduardomissoni.info\/index.php?rest_route=%2Fwp%2Fv2%2Fmedia&parent=239"}],"curies":[{"name":"wp","href":"https:\/\/api.w.org\/{rel}","templated":true}]}}