{"id":3068,"date":"2024-02-19T00:13:42","date_gmt":"2024-02-19T00:38:28","guid":{"rendered":"https:\/\/eduardomissoni.info\/?page_id=3068"},"modified":"2024-04-12T09:37:16","modified_gmt":"2024-04-12T09:37:16","slug":"dialogue-on-scouting-pedagogy-and-organization","status":"publish","type":"page","link":"https:\/\/eduardomissoni.info\/?page_id=3068","title":{"rendered":"DIALOGO SOBRE ESCULTISMO. Pedagog\u00eda y organizaci\u00f3n"},"content":{"rendered":"\n<p class=\"has-medium-font-size\"><em>&#8220;El libro llega a nuestras manos como un di\u00e1logo entre dos &#8220;viejos muchachos&#8221;, veteranos Scouts, como si estuvieran sentados alrededor de una fogata perpetua. Intercambian ideas sobre sus papeles m\u00e1s preciados como educadores, dirigentes y l\u00edderes del Movimiento. Comparten con nosotros la visi\u00f3n del Escultismo que todav\u00eda recorre el Movimiento, haciendo hincapi\u00e9 en c\u00f3mo esa visi\u00f3n sigue proporcionando la base para un compromiso constructivo a nivel mundial.&#8221; <\/em><\/p>\n\n\n\n<p class=\"has-text-align-right\">Desde el pr\u00f3logo por Biorn Maybury-Lewi<strong>s<\/strong><\/p>\n\n\n\n<div class=\"wp-block-media-text is-stacked-on-mobile\" style=\"grid-template-columns:29% auto\"><figure class=\"wp-block-media-text__media\"><img loading=\"lazy\" decoding=\"async\" width=\"664\" height=\"1024\" src=\"https:\/\/eduardomissoni.info\/wp-content\/uploads\/Cover-664x1024.jpg\" alt=\"\" class=\"wp-image-3056 size-full\" srcset=\"https:\/\/eduardomissoni.info\/wp-content\/uploads\/Cover-664x1024.jpg 664w, https:\/\/eduardomissoni.info\/wp-content\/uploads\/Cover-194x300.jpg 194w, https:\/\/eduardomissoni.info\/wp-content\/uploads\/Cover-768x1185.jpg 768w, https:\/\/eduardomissoni.info\/wp-content\/uploads\/Cover-995x1536.jpg 995w, https:\/\/eduardomissoni.info\/wp-content\/uploads\/Cover-1327x2048.jpg 1327w, https:\/\/eduardomissoni.info\/wp-content\/uploads\/Cover.jpg 1653w\" sizes=\"auto, (max-width: 664px) 100vw, 664px\" \/><\/figure><div class=\"wp-block-media-text__content\">\n<p class=\"has-medium-font-size\">Eduardo Missoni y Dominique B\u00e9nard<\/p>\n\n\n\n<p class=\"has-medium-font-size\">2024<\/p>\n\n\n\n<p class=\"has-medium-font-size\"><a href=\"https:\/\/www.lulu.com\/shop\/dominique-b%C3%A9nard-and-eduardo-missoni\/dialogo-sobre-escultismo\/ebook\/product-v8knw2e.html?q=Dialogo+sobre+Escultismo&amp;page=1&amp;pageSize=4\">\u00a1C\u00f3mpralo aqui en formato electr\u00f3nico!<\/a><\/p>\n<\/div><\/div>\n","protected":false},"excerpt":{"rendered":"<p>&#8220;El libro llega a nuestras manos como un di\u00e1logo entre dos &#8220;viejos muchachos&#8221;, veteranos Scouts, como si estuvieran sentados alrededor de una fogata perpetua. Intercambian ideas sobre sus papeles m\u00e1s preciados como educadores, dirigentes y l\u00edderes del Movimiento. Comparten con &hellip; <a href=\"https:\/\/eduardomissoni.info\/?page_id=3068\">Continua a leggere<span class=\"meta-nav\">&rarr;<\/span><\/a><\/p>\n","protected":false},"author":1,"featured_media":0,"parent":1855,"menu_order":0,"comment_status":"closed","ping_status":"closed","template":"","meta":{"footnotes":""},"class_list":["post-3068","page","type-page","status-publish","hentry"],"_links":{"self":[{"href":"https:\/\/eduardomissoni.info\/index.php?rest_route=\/wp\/v2\/pages\/3068","targetHints":{"allow":["GET"]}}],"collection":[{"href":"https:\/\/eduardomissoni.info\/index.php?rest_route=\/wp\/v2\/pages"}],"about":[{"href":"https:\/\/eduardomissoni.info\/index.php?rest_route=\/wp\/v2\/types\/page"}],"author":[{"embeddable":true,"href":"https:\/\/eduardomissoni.info\/index.php?rest_route=\/wp\/v2\/users\/1"}],"replies":[{"embeddable":true,"href":"https:\/\/eduardomissoni.info\/index.php?rest_route=%2Fwp%2Fv2%2Fcomments&post=3068"}],"version-history":[{"count":3,"href":"https:\/\/eduardomissoni.info\/index.php?rest_route=\/wp\/v2\/pages\/3068\/revisions"}],"predecessor-version":[{"id":3101,"href":"https:\/\/eduardomissoni.info\/index.php?rest_route=\/wp\/v2\/pages\/3068\/revisions\/3101"}],"up":[{"embeddable":true,"href":"https:\/\/eduardomissoni.info\/index.php?rest_route=\/wp\/v2\/pages\/1855"}],"wp:attachment":[{"href":"https:\/\/eduardomissoni.info\/index.php?rest_route=%2Fwp%2Fv2%2Fmedia&parent=3068"}],"curies":[{"name":"wp","href":"https:\/\/api.w.org\/{rel}","templated":true}]}}