{"id":393,"date":"2011-01-04T00:00:00","date_gmt":"2011-01-03T23:00:00","guid":{"rendered":"http:\/\/localhost:8888\/?page_id=393"},"modified":"2024-05-15T14:37:14","modified_gmt":"2024-05-15T14:37:14","slug":"profilo","status":"publish","type":"page","link":"https:\/\/eduardomissoni.info\/?page_id=393","title":{"rendered":"Profilo"},"content":{"rendered":"<p><strong>Eduardo Missoni, <\/strong>nato a Roma nel 1954, \u00e8 medico e specializzato in medicina tropicale presso l&#8217;Universit\u00e0 di Roma &#8220;La Sapienza&#8221; e Master <em>of Science<\/em> presso la <em>London School of Hygiene and Tropical Medicine.<\/em><\/p>\n<p>Attualmente \u00e8 docente presso la SDA-Bocconi (Scuola di Management); l&#8217;Universit\u00e0 Milano-Bicocca, Dipartimento di Sociologia e Ricerche Sociali; e l&#8217;Universit\u00e0 Statale di Milano, Master of Global Health. Precedentemente ha insegnato in diversi corsi di laurea dell&#8217;Universit\u00e0 Bocconi; all&#8217;Universit\u00e0 di Pavia, Facolt\u00e0 di Medicina e Chirurgia; presso l&#8217;Universit\u00e0 degli Studi Internazionali (UNINT) di Roma; la Geneva School of Diplomacy and International Relations (Svizzera) e l&#8217;<em>Instituto Nacional de Salud P\u00fablica<\/em> a Cuernavaca (Messico).\u00a0 I suoi insegnamenti ed ambiti di ricerca includono il Management delle Istituzioni e delle ONG Internazionali, le politiche ed il management della Salute Globale e dello sviluppo, la medicina di comunit\u00e0 e la cause sociali della salute. Presso l&#8217;Universit\u00e0 Bocconi ha inoltre coordinato la ricerca su Salute Globale e Sviluppo presso il Centro di Ricerche Gestione Assistenza Sanitaria e Sociale (CERGAS).<\/p>\n<p>Dal 1987 al 2002 ha lavorato presso la Direzione Generale per la Cooperazione allo Sviluppo (DGCS) del Ministero degli Affari Esteri, come esperto responsabile delle iniziative di cooperazione socio-sanitaria con l&#8217;America Latina e gran parte dell&#8217;Africa Subsahariana. Tra i suoi compiti c\u2019erano quella di collegamento tecnico con l&#8217;Organizzazione Mondiale della Sanit\u00e0 (OMS) e quella di rappresentare l&#8217;Italia in riunioni internazionali a carattere tecnico-scientifico e in gruppi di esperti (tra i quali quello degli esperti sanitari del G8, (che ha presieduto nel 2001). Precedentemente \u00e8 stato funzionario dell&#8217;UNICEF in Messico e volontario medico in Nicaragua.<\/p>\n<p>Dal 2004 al 2007 \u00e8 stato il <a title=\"Lo Scout\" href=\"http:\/\/eduardomissoni.info\/?page_id=403\">Segretario Generale dell\u2019Organizzazione Mondiale del Movimento Scout<\/a> (OMMS), la maggiore organizzazione giovanile mondiale, presente in 155 paesi\u00a0 con 28 milioni di aderenti.<\/p>\n<p>\u00c8 stato sempre un attivo promotore di concrete\u00a0 <a title=\"L\u2019impegno civico e sociale\" href=\"http:\/\/eduardomissoni.info\/?page_id=423\">iniziative di partecipazione sociale e cittadina<\/a> contribuendo alla fondazione e\/o allo sviluppo di molteplici organizzazioni locali, nazionali e internazionali.<\/p>\n<p><span style=\"font-family: Times New Roman;\">Ha pubblicato numerosi <\/span><span style=\"text-decoration: underline;\"><span style=\"color: #0000ff;\"><a title=\"Scritti e pubblicazioni\" href=\"http:\/\/eduardomissoni.info\/?page_id=429\" target=\"_blank\" rel=\"noopener noreferrer\">libri, lavori scientifici e articoli<\/a><\/span><\/span><span style=\"font-family: Times New Roman;\"> nel campo della sanit\u00e0 pubblica, lo sviluppo e la cooperazione internazionale, nonch\u00e9 su diversi altri temi.<br \/>\n<\/span><\/p>\n","protected":false},"excerpt":{"rendered":"<p>Eduardo Missoni, nato a Roma nel 1954, \u00e8 medico e specializzato in medicina tropicale presso l&#8217;Universit\u00e0 di Roma &#8220;La Sapienza&#8221; e Master of Science presso la London School of Hygiene and Tropical Medicine. Attualmente \u00e8 docente presso la SDA-Bocconi (Scuola &hellip; <a href=\"https:\/\/eduardomissoni.info\/?page_id=393\">Continua a leggere<span class=\"meta-nav\">&rarr;<\/span><\/a><\/p>\n","protected":false},"author":1,"featured_media":0,"parent":0,"menu_order":1,"comment_status":"closed","ping_status":"closed","template":"","meta":{"footnotes":""},"class_list":["post-393","page","type-page","status-publish","hentry"],"_links":{"self":[{"href":"https:\/\/eduardomissoni.info\/index.php?rest_route=\/wp\/v2\/pages\/393","targetHints":{"allow":["GET"]}}],"collection":[{"href":"https:\/\/eduardomissoni.info\/index.php?rest_route=\/wp\/v2\/pages"}],"about":[{"href":"https:\/\/eduardomissoni.info\/index.php?rest_route=\/wp\/v2\/types\/page"}],"author":[{"embeddable":true,"href":"https:\/\/eduardomissoni.info\/index.php?rest_route=\/wp\/v2\/users\/1"}],"replies":[{"embeddable":true,"href":"https:\/\/eduardomissoni.info\/index.php?rest_route=%2Fwp%2Fv2%2Fcomments&post=393"}],"version-history":[{"count":14,"href":"https:\/\/eduardomissoni.info\/index.php?rest_route=\/wp\/v2\/pages\/393\/revisions"}],"predecessor-version":[{"id":3111,"href":"https:\/\/eduardomissoni.info\/index.php?rest_route=\/wp\/v2\/pages\/393\/revisions\/3111"}],"wp:attachment":[{"href":"https:\/\/eduardomissoni.info\/index.php?rest_route=%2Fwp%2Fv2%2Fmedia&parent=393"}],"curies":[{"name":"wp","href":"https:\/\/api.w.org\/{rel}","templated":true}]}}