{"id":396,"date":"2011-01-04T00:00:00","date_gmt":"2011-01-03T23:00:00","guid":{"rendered":"http:\/\/localhost:8888\/?page_id=396"},"modified":"2024-05-15T14:44:37","modified_gmt":"2024-05-15T14:44:37","slug":"il-professionista","status":"publish","type":"page","link":"https:\/\/eduardomissoni.info\/?page_id=396","title":{"rendered":"Il professionista"},"content":{"rendered":"<p align=\"left\"><span style=\"font-family: Times New Roman;\"><big>Il medico<br \/>\n<\/big><\/span><\/p>\n<p align=\"left\"><span style=\"font-family: Times New Roman;\"><span style=\"font-family: Times New Roman;\"><a href=\"http:\/\/eduardomissoni.info\/wp-content\/uploads\/2011\/08\/mediconica.jpg\"><img loading=\"lazy\" decoding=\"async\" class=\"alignleft size-full wp-image-587\" title=\"mediconica\" src=\"http:\/\/eduardomissoni.info\/wp-content\/uploads\/2011\/08\/mediconica.jpg\" alt=\"\" width=\"174\" height=\"120\" \/><\/a>Laureatosi in Medicina e Chirurgia presso l&#8217;Universit\u00e0 di Roma &#8220;La Sapienza&#8221;, si \u00e8 pi\u00f9 tardi specializzato in Medicna Tropicale, ottenendo anche un <\/span><strong><span style=\"font-family: Times New Roman;\"> Master <\/span><em><span style=\"font-family: Times New Roman;\">of Science <\/span><\/em><\/strong><span style=\"font-family: Times New Roman;\">presso la <\/span><strong><em><span style=\"font-family: Times New Roman;\">London School of Hygiene and Tropical Medicine<\/span><\/em><span style=\"font-family: Times New Roman;\">.<\/span><\/strong> <\/span><\/p>\n<p align=\"left\"><span style=\"font-family: Times New Roman;\"><span style=\"font-family: Times New Roman;\">Ha operato a lungo nei Paesi in via di sviluppo prima come <\/span><strong><span style=\"font-family: Times New Roman;\">volontario<\/span><\/strong><span style=\"font-family: Times New Roman;\"> civile (Nicaragua), dedicandosi all&#8217;assistenza medica, alla promozione sociale delle comunit\u00e0 contadine ed alla gestione della sanit\u00e0 pubblica. Successivamente, come funzionario dell&#8217;<strong>UNICEF<\/strong><\/span><span style=\"font-family: Times New Roman;\">(Messico)<\/span><span style=\"font-family: Times New Roman;\">, lavorando per la sanit\u00e0 di base, l&#8217;infanzia e la promozione della donna<\/span>.<br \/>\n<\/span><\/p>\n<p align=\"left\"><span style=\"font-family: Times New Roman;\"><big>L&#8217;esperto di Cooperazione allo sviluppo<\/big> <\/span><\/p>\n<div style=\"width: 119px\" class=\"wp-caption alignright\"><a href=\"http:\/\/eduardomissoni.info\/?page_id=2683\" target=\"_blank\" rel=\"noopener\"><img loading=\"lazy\" decoding=\"async\" style=\"margin: 10px 5px;\" src=\"http:\/\/www.eduardomissoni.net\/Info%20G8.jpg\" alt=\"\" width=\"109\" height=\"93\" hspace=\"5\" vspace=\"10\" \/><\/a><p class=\"wp-caption-text\"><a href=\"http:\/\/eduardomissoni.info\/?page_id=2683\">clicca per maggiori informazioni<\/a><\/p><\/div>\n<p align=\"left\"><span style=\"font-family: Times New Roman;\"><span style=\"font-family: Times New Roman;\">Dal 1987 al 31 agosto del 2002 \u00e8 stato presso la Direzione Generale per la <strong><span style=\"font-family: Times New Roman;\">Cooperazione allo Sviluppo<\/span><\/strong> del Ministero degli Affari Esteri, come esperto responsabile delle iniziative di cooperazione socio-sanitaria con l&#8217;America Latina e gran parte dell&#8217;Africa Subsahariana. Nell&#8217;ultimo anno ha curato in modo particolare le iniziative di emergenza e aiuto umanitario in tutto il mondo. Per tutto il periodo ha mantenuto le relazioni con <strong><span style=\"font-family: Times New Roman;\">l&#8217;Organizzazione Mondiale della Sanit\u00e0<\/span><\/strong> (OMS) e in molteplici occasioni ha rappresentato l&#8217;Italia in riunioni internazionali a carattere tecnico-scientifico. <\/span><span style=\"font-family: Times New Roman;\">Le sfide affrontate durante il periodo nella Cooperazione sono descritte in una sua <a href=\"https:\/\/eduardomissoni.info\/?page_id=2698\" target=\"_blank\" rel=\"noopener\">dettagliata lettera<\/a>.<\/span><\/span><\/p>\n<p align=\"left\"><span style=\"font-family: Times New Roman;\"><span style=\"font-family: Times New Roman;\">In occasione della Presidenza italiana dei <\/span><strong><span style=\"font-family: Times New Roman;\">G8<\/span><\/strong><span style=\"font-family: Times New Roman;\"> (2001), ne <strong>ha presieduto il gruppo sanit\u00e0<\/strong> fino al mese di aprile, quando ha lasciato l&#8217;incarico descrivendone\u00a0le ragioni in una <a href=\"http:\/\/www.eduardomissoni.net\/CV\/dimissioniG8\/dimissioni.pdf\" target=\"_blank\" rel=\"noopener\">lettera<\/a>\u00a0al Presidente del Consiglio<\/span><\/span> e in un <a href=\"http:\/\/eduardomissoni.info\/?page_id=2720\">comunicato stampa<\/a>.<\/p>\n<p align=\"left\"><span style=\"font-family: Times New Roman;\"><big>L&#8217; accademico<\/big><\/span><\/p>\n<p>Dal 2020 insegna al <a href=\"https:\/\/www.unimi.it\/it\/corsi\/corsi-post-laurea\/master-e-perfezionamento\/catalogo-master\/aa-2020\/2021-master-global-health\/salute-globale-secondo-livello\">Master of Global Health dell&#8217;Universit\u00e0 di Milano<\/a> nei corsi di &#8220;Social and economic determinants of health&#8221; e &#8220;Diplomacy, governance and policies&#8221;<\/p>\n<p>Dal 2015 al 2022 ha insegnato &#8220;Social roots of health&#8221;\u00a0 al primo anno del <a href=\"http:\/\/www-7.unipv.it\/harveymedicine\/home\/harvey-universita-degli-studi-di-pavia\/\">Corso internazionale di laurea &#8220;Harvey&#8221; in Medicina e Chirurgia presso l&#8217;Universit\u00e0 di Pavia<\/a>.<a href=\"http:\/\/eduardomissoni.info\/wp-content\/uploads\/GSD.png\"><img loading=\"lazy\" decoding=\"async\" class=\"size-medium wp-image-1227 alignright\" src=\"http:\/\/eduardomissoni.info\/wp-content\/uploads\/GSD-300x89.png\" alt=\"GSD\" width=\"300\" height=\"89\" srcset=\"https:\/\/eduardomissoni.info\/wp-content\/uploads\/GSD-300x89.png 300w, https:\/\/eduardomissoni.info\/wp-content\/uploads\/GSD.png 501w\" sizes=\"auto, (max-width: 300px) 100vw, 300px\" \/><\/a><\/p>\n<p>Dal 2014 al 2018 ha insegnato &#8220;Management of International Institutions and NGOs&#8221; e &#8220;Global health and International Relations&#8221; presso la Geneva School of Diplomacy, con cui ha ripreso\u00a0 il rapporto di collaborazione nel 2020.<\/p>\n<p><img loading=\"lazy\" decoding=\"async\" class=\"alignleft\" style=\"margin-left: 5px; margin-right: 5px;\" src=\"http:\/\/www.eduardomissoni.net\/bocconi.gif\" alt=\"\" width=\"44\" height=\"200\" hspace=\"5\" \/>Dal 2002 \u00e8 <strong>docente e ricercatore<\/strong> presso l&#8217;<a href=\"http:\/\/www.unibocconi.it\/\" target=\"_blank\" rel=\"noopener\">Universit\u00e0 Commerciale &#8220;Luigi Bocconi&#8221;<\/a> e <a href=\"http:\/\/www.cergas.info\/\" target=\"_blank\" rel=\"noopener\">Centro di Ricerche Gestione Assistenza Sanitaria &#8211; CERGAS<\/a>) e la <a href=\"http:\/\/www.sdabocconi.it\/\" target=\"_blank\" rel=\"noopener\">SDA-Bocconi<\/a> di Milano. Al CERGAS \u00e8 stato responsabile del gruppo di ricerca sulla <a href=\"http:\/\/portale.unibocconi.it\/wps\/wcm\/connect\/Centro_CERGASit\/Home\/Global+Health+and+Development\/\" target=\"_blank\" rel=\"noopener\">Salute Globale e lo Sviluppo<\/a>.\u00a0 Le sue attivit\u00e0 di ricerca e insegnamento includono la salute globale, la gestione delle Istituzioni e delle Organizzazioni Non profit Internazionali, nonch\u00e9 temi inerenti la Cooperazione allo Sviluppo.\u00a0 Intorno a questi temi ha promosso lavori di\u00a0 <a href=\"http:\/\/www.eduardomissoni.info\/CV\/Bocconi\/Gruppo%20ricerca.htm\" target=\"_blank\" rel=\"noopener\">gruppo con gli studenti<\/a>.<\/p>\n<p>Dal 2001 insegna &#8220;Politiche Globali per la Salute&#8221; all&#8217;Universit\u00e0 Bicocca (Milano), e negli anni 2009 e 2010 \u00e8 stato Visiting Professor per &#8220;Ethics and International Organizations&#8221; allo <a href=\"http:\/\/hec-executive.ch\/iomba\/\/www\/\" target=\"_blank\" rel=\"noopener\">IOMBA<\/a> dell&#8217;Universit\u00e9 de Gen\u00e8ve (Ginevra).<\/p>\n<p>\u00c8 stato relatore in numerosi <a title=\"Lezioni e conferenze\" href=\"http:\/\/eduardomissoni.info\/?page_id=445\" target=\"_blank\" rel=\"noopener\">congressi e svolge attivit\u00e0 di docenza anche in altri contesti accademici e didattici<\/a>. Oltre ai temi dello sviluppo, della cooperazione internazionale e della salute, ha dedicato particolare attenzione anche ai temi del <strong>decentramento,<\/strong> dello <strong>sviluppo locale,\u00a0<\/strong> dell&#8217;<strong>educazione non formale<\/strong> e delle <strong>politiche giovanili<\/strong>.<\/p>\n","protected":false},"excerpt":{"rendered":"<p>Il medico Laureatosi in Medicina e Chirurgia presso l&#8217;Universit\u00e0 di Roma &#8220;La Sapienza&#8221;, si \u00e8 pi\u00f9 tardi specializzato in Medicna Tropicale, ottenendo anche un Master of Science presso la London School of Hygiene and Tropical Medicine. Ha operato a lungo &hellip; <a href=\"https:\/\/eduardomissoni.info\/?page_id=396\">Continua a leggere<span class=\"meta-nav\">&rarr;<\/span><\/a><\/p>\n","protected":false},"author":1,"featured_media":0,"parent":393,"menu_order":0,"comment_status":"closed","ping_status":"closed","template":"","meta":{"footnotes":""},"class_list":["post-396","page","type-page","status-publish","hentry"],"_links":{"self":[{"href":"https:\/\/eduardomissoni.info\/index.php?rest_route=\/wp\/v2\/pages\/396","targetHints":{"allow":["GET"]}}],"collection":[{"href":"https:\/\/eduardomissoni.info\/index.php?rest_route=\/wp\/v2\/pages"}],"about":[{"href":"https:\/\/eduardomissoni.info\/index.php?rest_route=\/wp\/v2\/types\/page"}],"author":[{"embeddable":true,"href":"https:\/\/eduardomissoni.info\/index.php?rest_route=\/wp\/v2\/users\/1"}],"replies":[{"embeddable":true,"href":"https:\/\/eduardomissoni.info\/index.php?rest_route=%2Fwp%2Fv2%2Fcomments&post=396"}],"version-history":[{"count":27,"href":"https:\/\/eduardomissoni.info\/index.php?rest_route=\/wp\/v2\/pages\/396\/revisions"}],"predecessor-version":[{"id":3113,"href":"https:\/\/eduardomissoni.info\/index.php?rest_route=\/wp\/v2\/pages\/396\/revisions\/3113"}],"up":[{"embeddable":true,"href":"https:\/\/eduardomissoni.info\/index.php?rest_route=\/wp\/v2\/pages\/393"}],"wp:attachment":[{"href":"https:\/\/eduardomissoni.info\/index.php?rest_route=%2Fwp%2Fv2%2Fmedia&parent=396"}],"curies":[{"name":"wp","href":"https:\/\/api.w.org\/{rel}","templated":true}]}}