{"id":453,"date":"2011-07-30T22:34:29","date_gmt":"2011-07-30T22:34:29","guid":{"rendered":"http:\/\/localhost:8888\/?page_id=453"},"modified":"2014-09-04T13:13:42","modified_gmt":"2014-09-04T13:13:42","slug":"biomedici","status":"publish","type":"page","link":"https:\/\/eduardomissoni.info\/?page_id=453","title":{"rendered":"Biomedici"},"content":{"rendered":"<h2>\u00a0Insegnamento<\/h2>\n<ul>\n<li>\n<p lang=\"it-IT\">Curso de nutrici\u00f3n para estudiantes del Master en Salud Publica. &#8220;Interrelaciones entre nutrici\u00f3n y enfermedades infecciosas&#8221; Escuela de Salud p\u00fablica de M\u00e9xico, Ciudad de Mexico 9.9.1985 (Invited Professor)<\/p>\n<\/li>\n<li>\n<p lang=\"it-IT\">Curso para enfermeros, asistentes sociales y m\u00e9dicos del Hospital Infantil de M\u00e9xico Federico Gomez, sobre diarreas, Terapia de Rehidrataci\u00f3n Oral, funcionamiento de las Unidades de rehidrataci\u00f3n Oral, Ciudad de Mexico, 10-14.8.1985 (Invited Professor)<\/p>\n<\/li>\n<li>\n<p lang=\"it-IT\">Cursos para promotores y personal de salud de la STUNAM sobre lactancia materna.Universidad Nacional Aut\u00f3noma de M\u00e9xico, Ciudad de Mexico, 20.10-7.11.1986 (Invited Professor)<\/p>\n<\/li>\n<li>\n<p lang=\"it-IT\">Curso de nutrici\u00f2n para estudiantes del Master en Salud P\u00fablica. &#8220;Interrelaciones entre nutrici\u00f3n y enfermedades infecciosas&#8221; (Escuela de Salud p\u00fablica de M\u00e9xico, Ciudad de Mexico 28.8.1986 (Invited Professor)<\/p>\n<\/li>\n<li>\n<p lang=\"it-IT\">&#8220;Curso de investigaci\u00f3n modular y actualizaci\u00f3n en alimentos y nutrici\u00f3n&#8221; Universidad Autonoma de M\u00e9xico, Ciudad de Mexico 2-11.10.1986 (Invited Professor)<\/p>\n<\/li>\n<li>\n<p lang=\"it-IT\">Curso sobre enfermedades diarr\u00e9icas agudas para m\u00e9dicos, enfermeras y asistentes sociales del Hospital General de Chilpancingo, de &#8220;Centros comunitarios&#8221; y para m\u00e9dicos supervisores. Chilpancingo (Guerrero), 29.9-3.10.86 (Invited Professor)<\/p>\n<\/li>\n<li>\n<p lang=\"it-IT\">Postgraduate course &#8220;Patolog\u00eda molecular y tratamiento del c\u00e1ncer digestivo&#8221;. Pontificia Universidad Catolica de Chile, facultad de medicina, Santiago, Cile, 30-31.5.1996 (Invited Professor)<\/p>\n<\/li>\n<\/ul>\n<h2>E<span style=\"color: #008000;\"><span style=\"color: #000000;\">venti internazionali<br \/>\n<\/span><\/span><\/h2>\n<ul>\n<li>\n<p lang=\"it-IT\">&#8220;II\u00ba Seminario Internacional sobre diarreas rehidrataci\u00f2n oral&#8221; . Ciudad de Mexico 2-6.4.1986 (Guest speaker)<\/p>\n<\/li>\n<li>\n<p lang=\"it-IT\">VIth Symposium on Immunodiagnosis of Tropical Parasitoses and Actual Problems of Tropical Medicine. Liblice (Cecoslovacchia) 14-16.9.1987 (Guest speaker)<\/p>\n<\/li>\n<li>\n<p lang=\"it-IT\">International Meeting on Prevention and Control of Infections in Tourists in the Mediterranean Area. Rimini, Italia 8-11.2.1988 (Guest speaker)<\/p>\n<\/li>\n<li>\n<p lang=\"it-IT\">Conference on International Travel Medicine. Zurich, Switzerland 5-8.4.1988 (Guest speaker e co-espositore di due poster)<\/p>\n<\/li>\n<li>\n<p lang=\"it-IT\">XIIth International Congress for Tropical Medicine and malaria. Amsterdam, The Netherland, 18-23.9.1988 (Presentation of two posters, Co-author)<\/p>\n<\/li>\n<li>\n<p lang=\"it-IT\">Tuberculosis Control and Research Strategy for the 1990s&#8221;, WHO, Geneva 26-27.10.1990 (Italian Represenative)<\/p>\n<\/li>\n<li>\n<p lang=\"it-IT\">I Seminario Regional de Leishmaniasis. Urubamba (Per\u00fa), 10-14.9.1990 (Guest speaker)<\/p>\n<\/li>\n<li>\n<p lang=\"it-IT\">Giornata internazionale di studio sulla malattia di Chagas. Roma 21.6.1991<\/p>\n<\/li>\n<li>\n<p lang=\"it-IT\">XIIth International Congress for Tropical Medicine and Malaria , Jomtien, Pattaya, Thailand, 29.11 &#8211; 4.12.1992 (Guest speaker)<\/p>\n<\/li>\n<li>\n<p lang=\"it-IT\">Conferenze Lincee: &#8220;Malaria, chloroquine resistance, and a new family of transport molecules&#8221; prof. Thomas E. Wellems. Roma, Accademia Nazionale dei Lincei, 9.2.2001.<\/p>\n<\/li>\n<\/ul>\n<h2><span style=\"color: #000000;\">Eventi nazionali<br \/>\n<\/span><\/h2>\n<ul>\n<li>\n<p lang=\"it-IT\">Primer Seminario Nacional sobre Leishmaniasis. &#8220;Clinica y terapia de las leishmaniasis&#8221;. Matagalpa, Nicaragua, 15-16.3.1983 (Guest speaker)<\/p>\n<\/li>\n<li>\n<p lang=\"it-IT\">Convegno Nazionale sulle Patologie Emergenti. Reggio Emilia 19-20.10.1984 (Co-author)<\/p>\n<\/li>\n<li>\n<p lang=\"it-IT\">&#8220;Primer Seminario Regional sobre diarreas e hidrataci\u00f3n oral&#8221;. Oaxaca, Oax., Mexico; 24-25.11.1986 (Guest speaker)<\/p>\n<\/li>\n<li>\n<p lang=\"it-IT\">&#8220;Seminario regional sobre diarreas e hidrataci\u00f3n oral&#8221;. Guadalajara, Jalisco, Mexico; 28-29.11.1986 (Guest speaker)<\/p>\n<\/li>\n<li>\n<p lang=\"it-IT\">Seminario sobre lactancia materna, organizado por la Leche League. Conferencia:&#8221;Mitos y realidades de lalactancia materna, con referencia a las enfermedades del beb\u00e9 y de la madre&#8221; Ciudad de Mexico 25.4.1986 (Guest speaker)<\/p>\n<\/li>\n<li>\n<p lang=\"it-IT\">Conferencia: &#8220;La terapia de rehidrataci\u00f3n oral y su empleo en la comunidad&#8221;. Ciclo de conferencias. Delegaci\u00f3n del Dipartimento del Distrito Federal Magdalena Contreras y UNICEF. Ciudad de Mexico, 31.10.1986 (Guest speaker)<\/p>\n<\/li>\n<li>\n<p lang=\"it-IT\">I\u00ba Congresso Nazionale della Societ\u00e0 Italiana di Medicina Tropicale, Mondello (Palermo), 19-22.10.1994 (member of the Scientific Committee and Guest speaker on &#8220;La cooperazione sanitaria italiana&#8221;)<\/p>\n<\/li>\n<\/ul>\n","protected":false},"excerpt":{"rendered":"<p>\u00a0Insegnamento Curso de nutrici\u00f3n para estudiantes del Master en Salud Publica. &#8220;Interrelaciones entre nutrici\u00f3n y enfermedades infecciosas&#8221; Escuela de Salud p\u00fablica de M\u00e9xico, Ciudad de Mexico 9.9.1985 (Invited Professor) Curso para enfermeros, asistentes sociales y m\u00e9dicos del Hospital Infantil de &hellip; <a href=\"https:\/\/eduardomissoni.info\/?page_id=453\">Continua a leggere<span class=\"meta-nav\">&rarr;<\/span><\/a><\/p>\n","protected":false},"author":1,"featured_media":0,"parent":445,"menu_order":30,"comment_status":"closed","ping_status":"closed","template":"","meta":{"footnotes":""},"class_list":["post-453","page","type-page","status-publish","hentry"],"_links":{"self":[{"href":"https:\/\/eduardomissoni.info\/index.php?rest_route=\/wp\/v2\/pages\/453","targetHints":{"allow":["GET"]}}],"collection":[{"href":"https:\/\/eduardomissoni.info\/index.php?rest_route=\/wp\/v2\/pages"}],"about":[{"href":"https:\/\/eduardomissoni.info\/index.php?rest_route=\/wp\/v2\/types\/page"}],"author":[{"embeddable":true,"href":"https:\/\/eduardomissoni.info\/index.php?rest_route=\/wp\/v2\/users\/1"}],"replies":[{"embeddable":true,"href":"https:\/\/eduardomissoni.info\/index.php?rest_route=%2Fwp%2Fv2%2Fcomments&post=453"}],"version-history":[{"count":3,"href":"https:\/\/eduardomissoni.info\/index.php?rest_route=\/wp\/v2\/pages\/453\/revisions"}],"predecessor-version":[{"id":1421,"href":"https:\/\/eduardomissoni.info\/index.php?rest_route=\/wp\/v2\/pages\/453\/revisions\/1421"}],"up":[{"embeddable":true,"href":"https:\/\/eduardomissoni.info\/index.php?rest_route=\/wp\/v2\/pages\/445"}],"wp:attachment":[{"href":"https:\/\/eduardomissoni.info\/index.php?rest_route=%2Fwp%2Fv2%2Fmedia&parent=453"}],"curies":[{"name":"wp","href":"https:\/\/api.w.org\/{rel}","templated":true}]}}