{"id":757,"date":"2011-12-28T21:46:02","date_gmt":"2011-12-28T21:46:02","guid":{"rendered":"http:\/\/eduardomissoni.info\/?page_id=757"},"modified":"2011-12-28T21:46:02","modified_gmt":"2011-12-28T21:46:02","slug":"misa-campesina-at-the-theater-in-italian","status":"publish","type":"page","link":"https:\/\/eduardomissoni.info\/?page_id=757","title":{"rendered":"Misa Campesina at the Theater (in Italian)"},"content":{"rendered":"<p><span style=\"color: #990000; font-family: Comic Sans MS; font-size: large;\"><strong>Dalle dimissioni dalla DGCS e dalla &#8220;Misa Campesina&#8221; nasce una pi\u00e8ce teatrale<\/strong><\/span><\/p>\n<p><span style=\"color: #990000; font-family: Comic Sans MS; font-size: medium;\">Recensioni<\/span><\/p>\n<ul>\n<li><a href=\"http:\/\/www.nigrizia.it\/doc.asp?ID=5505\" target=\"_blank\">Nigrizia<\/a><\/li>\n<\/ul>\n<ul>\n<li><a href=\"eduardomissoni.info\/CV\/recensionimisa\/unione%20sarda%20030521.htm\" target=\"_blank\">L&#8217;Unione Sarda<\/a><\/li>\n<\/ul>\n<ul>\n<li>Citt\u00e0 Quartiere 2003 &#8211; La &#8220;mia&#8221; Africa &#8211; di Nicola Michele<\/li>\n<\/ul>\n<p><span style=\"color: #990000; font-family: Comic Sans MS; font-size: medium;\">I commenti del pubblico<\/span><\/p>\n<blockquote><p>Ciao Nicola,<br \/>\ngrazie per lo spettacolo, mi \u00e8 piaciuto molto, soprattutto \u00e8 uno spettacolo genuino, semplice, ed \u00e8 raro vedere spettacoli cos\u00ec. Mi farebbe piacere incontrarci, soprattutto far conoscere i due gruppi , perch\u00e8 ci sono diverse affinit\u00e0 e penso che un confronto sarebbe utile. per il resto ti ringrazio ancora e a presto ilaria<br \/>\n(regista di una compagnia teatrale di Cagliari che si chiama &#8220;L&#8217;Aquilone di Viviana&#8221;)<\/p><\/blockquote>\n<p>&nbsp;<\/p>\n<blockquote><p>Caro Nico,<br \/>\n&#8230; volevo ancora dirti che lo spettacolo di ven. sera mi \u00e8 piaciuto molto, mi ha trasmesso delle emozioni forti e dei ricordi vivi anche della mia esperienza di missione in India. Ho rivissuto quei momenti attraverso i tuoi gesti , parole e movimenti del corpo.Tu penso gi\u00e0 sai che hai un dono speciale nel saper trasmettere le emozioni alle persone . Questo tipo di esperienza lascia sempre un segno forte , nel bene e nel male.Mi ha fatto piacere anche conoscere Missoni che reputo una persona molto alla mano, vitale, energetica con grande calore umano. Ho chiesto dei pareri a freddo ai miei amici, alcuni mi hanno risposto altri no; sono cmq rimasti tutti contenti . un abbraccio e buona giornata laura<\/p><\/blockquote>\n<p><span style=\"color: #990000; font-family: Comic Sans MS; font-size: medium;\">Gli spettacoli<\/span><\/p>\n<ul>\n<li>Cagliari, 16 e 17 maggio 2003 presso il salone Parrocchiale di San Paolo in Piazza Giovanni XXIII<\/li>\n<\/ul>\n<ul>\n<li>Roma, 27 e 28 giugno 2003 al Teatro &#8220;L&#8217;incontrocanto&#8221; &#8211; Via del Verano, 39<\/li>\n<\/ul>\n<ul>\n<li>Varedo (Milano), 17 ottobre 2003 sala dell&#8217;Associazione Politeama &#8211; via della Madonnina 54<\/li>\n<\/ul>\n","protected":false},"excerpt":{"rendered":"<p>Dalle dimissioni dalla DGCS e dalla &#8220;Misa Campesina&#8221; nasce una pi\u00e8ce teatrale Recensioni Nigrizia L&#8217;Unione Sarda Citt\u00e0 Quartiere 2003 &#8211; La &#8220;mia&#8221; Africa &#8211; di Nicola Michele I commenti del pubblico Ciao Nicola, grazie per lo spettacolo, mi \u00e8 piaciuto &hellip; <a href=\"https:\/\/eduardomissoni.info\/?page_id=757\">Continua a leggere<span class=\"meta-nav\">&rarr;<\/span><\/a><\/p>\n","protected":false},"author":1,"featured_media":0,"parent":329,"menu_order":4,"comment_status":"closed","ping_status":"closed","template":"","meta":{"footnotes":""},"class_list":["post-757","page","type-page","status-publish","hentry"],"_links":{"self":[{"href":"https:\/\/eduardomissoni.info\/index.php?rest_route=\/wp\/v2\/pages\/757","targetHints":{"allow":["GET"]}}],"collection":[{"href":"https:\/\/eduardomissoni.info\/index.php?rest_route=\/wp\/v2\/pages"}],"about":[{"href":"https:\/\/eduardomissoni.info\/index.php?rest_route=\/wp\/v2\/types\/page"}],"author":[{"embeddable":true,"href":"https:\/\/eduardomissoni.info\/index.php?rest_route=\/wp\/v2\/users\/1"}],"replies":[{"embeddable":true,"href":"https:\/\/eduardomissoni.info\/index.php?rest_route=%2Fwp%2Fv2%2Fcomments&post=757"}],"version-history":[{"count":1,"href":"https:\/\/eduardomissoni.info\/index.php?rest_route=\/wp\/v2\/pages\/757\/revisions"}],"predecessor-version":[{"id":758,"href":"https:\/\/eduardomissoni.info\/index.php?rest_route=\/wp\/v2\/pages\/757\/revisions\/758"}],"up":[{"embeddable":true,"href":"https:\/\/eduardomissoni.info\/index.php?rest_route=\/wp\/v2\/pages\/329"}],"wp:attachment":[{"href":"https:\/\/eduardomissoni.info\/index.php?rest_route=%2Fwp%2Fv2%2Fmedia&parent=757"}],"curies":[{"name":"wp","href":"https:\/\/api.w.org\/{rel}","templated":true}]}}